{"id":10318,"date":"2025-11-17T14:29:03","date_gmt":"2025-11-17T11:29:03","guid":{"rendered":"https:\/\/www.ironcorpse.com\/site\/?page_id=10318"},"modified":"2025-11-19T10:42:53","modified_gmt":"2025-11-19T07:42:53","slug":"ica-056-gorekaust-fleshcross-cassette","status":"publish","type":"page","link":"https:\/\/www.ironcorpse.com\/site\/iron-corpse-productions\/ica-056-gorekaust-fleshcross-cassette\/","title":{"rendered":"ICA-056 GOREKAUST &#8220;Fleshcross&#8221; CASSETTE \/ DIGI"},"content":{"rendered":"\n<div class=\"wp-block-columns is-layout-flex wp-container-core-columns-is-layout-9d6595d7 wp-block-columns-is-layout-flex\">\n<div class=\"wp-block-column is-layout-flow wp-block-column-is-layout-flow\">\n<figure class=\"wp-block-image size-large\"><img loading=\"lazy\" decoding=\"async\" width=\"1024\" height=\"1024\" src=\"https:\/\/www.ironcorpse.com\/site\/wp-content\/uploads\/2025\/08\/ICA-056_gorekaust_release-woo-1-1024x1024.jpg\" alt=\"\" class=\"wp-image-7949\" srcset=\"https:\/\/www.ironcorpse.com\/site\/wp-content\/uploads\/2025\/08\/ICA-056_gorekaust_release-woo-1-1024x1024.jpg 1024w, https:\/\/www.ironcorpse.com\/site\/wp-content\/uploads\/2025\/08\/ICA-056_gorekaust_release-woo-1-300x300.jpg 300w, https:\/\/www.ironcorpse.com\/site\/wp-content\/uploads\/2025\/08\/ICA-056_gorekaust_release-woo-1-100x100.jpg 100w, https:\/\/www.ironcorpse.com\/site\/wp-content\/uploads\/2025\/08\/ICA-056_gorekaust_release-woo-1-600x600.jpg 600w, https:\/\/www.ironcorpse.com\/site\/wp-content\/uploads\/2025\/08\/ICA-056_gorekaust_release-woo-1-150x150.jpg 150w, https:\/\/www.ironcorpse.com\/site\/wp-content\/uploads\/2025\/08\/ICA-056_gorekaust_release-woo-1-768x768.jpg 768w, https:\/\/www.ironcorpse.com\/site\/wp-content\/uploads\/2025\/08\/ICA-056_gorekaust_release-woo-1.jpg 1300w\" sizes=\"auto, (max-width: 1024px) 100vw, 1024px\" \/><\/figure>\n<\/div>\n\n\n\n<div class=\"wp-block-column is-layout-flow wp-block-column-is-layout-flow\">\n<figure class=\"wp-block-image size-large\"><img loading=\"lazy\" decoding=\"async\" width=\"1024\" height=\"1024\" src=\"https:\/\/www.ironcorpse.com\/site\/wp-content\/uploads\/2025\/08\/ICA-056_gorekaust_mockup_set-1024x1024.jpg\" alt=\"\" class=\"wp-image-10267\" srcset=\"https:\/\/www.ironcorpse.com\/site\/wp-content\/uploads\/2025\/08\/ICA-056_gorekaust_mockup_set-1024x1024.jpg 1024w, https:\/\/www.ironcorpse.com\/site\/wp-content\/uploads\/2025\/08\/ICA-056_gorekaust_mockup_set-300x300.jpg 300w, https:\/\/www.ironcorpse.com\/site\/wp-content\/uploads\/2025\/08\/ICA-056_gorekaust_mockup_set-100x100.jpg 100w, https:\/\/www.ironcorpse.com\/site\/wp-content\/uploads\/2025\/08\/ICA-056_gorekaust_mockup_set-600x600.jpg 600w, https:\/\/www.ironcorpse.com\/site\/wp-content\/uploads\/2025\/08\/ICA-056_gorekaust_mockup_set-150x150.jpg 150w, https:\/\/www.ironcorpse.com\/site\/wp-content\/uploads\/2025\/08\/ICA-056_gorekaust_mockup_set-768x768.jpg 768w, https:\/\/www.ironcorpse.com\/site\/wp-content\/uploads\/2025\/08\/ICA-056_gorekaust_mockup_set.jpg 1300w\" sizes=\"auto, (max-width: 1024px) 100vw, 1024px\" \/><\/figure>\n<\/div>\n\n\n\n<div class=\"wp-block-column is-layout-flow wp-block-column-is-layout-flow\">\n<figure class=\"wp-block-image size-large\"><img loading=\"lazy\" decoding=\"async\" width=\"1024\" height=\"1024\" src=\"https:\/\/www.ironcorpse.com\/site\/wp-content\/uploads\/2025\/08\/ICA-056_gorekaust_product1_2000px-1024x1024.jpg\" alt=\"\" class=\"wp-image-10268\" srcset=\"https:\/\/www.ironcorpse.com\/site\/wp-content\/uploads\/2025\/08\/ICA-056_gorekaust_product1_2000px-1024x1024.jpg 1024w, https:\/\/www.ironcorpse.com\/site\/wp-content\/uploads\/2025\/08\/ICA-056_gorekaust_product1_2000px-300x300.jpg 300w, https:\/\/www.ironcorpse.com\/site\/wp-content\/uploads\/2025\/08\/ICA-056_gorekaust_product1_2000px-100x100.jpg 100w, https:\/\/www.ironcorpse.com\/site\/wp-content\/uploads\/2025\/08\/ICA-056_gorekaust_product1_2000px-600x600.jpg 600w, https:\/\/www.ironcorpse.com\/site\/wp-content\/uploads\/2025\/08\/ICA-056_gorekaust_product1_2000px-150x150.jpg 150w, https:\/\/www.ironcorpse.com\/site\/wp-content\/uploads\/2025\/08\/ICA-056_gorekaust_product1_2000px-768x768.jpg 768w, https:\/\/www.ironcorpse.com\/site\/wp-content\/uploads\/2025\/08\/ICA-056_gorekaust_product1_2000px-1536x1536.jpg 1536w, https:\/\/www.ironcorpse.com\/site\/wp-content\/uploads\/2025\/08\/ICA-056_gorekaust_product1_2000px-1320x1320.jpg 1320w, https:\/\/www.ironcorpse.com\/site\/wp-content\/uploads\/2025\/08\/ICA-056_gorekaust_product1_2000px.jpg 2000w\" sizes=\"auto, (max-width: 1024px) 100vw, 1024px\" \/><\/figure>\n<\/div>\n\n\n\n<div class=\"wp-block-column is-layout-flow wp-block-column-is-layout-flow\">\n<figure class=\"wp-block-image size-large\"><img loading=\"lazy\" decoding=\"async\" width=\"1024\" height=\"1024\" src=\"https:\/\/www.ironcorpse.com\/site\/wp-content\/uploads\/2025\/11\/ICA-056_gorekaust_bandcamp_1400px-1024x1024.jpg\" alt=\"\" class=\"wp-image-10325\" srcset=\"https:\/\/www.ironcorpse.com\/site\/wp-content\/uploads\/2025\/11\/ICA-056_gorekaust_bandcamp_1400px-1024x1024.jpg 1024w, https:\/\/www.ironcorpse.com\/site\/wp-content\/uploads\/2025\/11\/ICA-056_gorekaust_bandcamp_1400px-300x300.jpg 300w, https:\/\/www.ironcorpse.com\/site\/wp-content\/uploads\/2025\/11\/ICA-056_gorekaust_bandcamp_1400px-100x100.jpg 100w, https:\/\/www.ironcorpse.com\/site\/wp-content\/uploads\/2025\/11\/ICA-056_gorekaust_bandcamp_1400px-600x600.jpg 600w, https:\/\/www.ironcorpse.com\/site\/wp-content\/uploads\/2025\/11\/ICA-056_gorekaust_bandcamp_1400px-150x150.jpg 150w, https:\/\/www.ironcorpse.com\/site\/wp-content\/uploads\/2025\/11\/ICA-056_gorekaust_bandcamp_1400px-768x768.jpg 768w, https:\/\/www.ironcorpse.com\/site\/wp-content\/uploads\/2025\/11\/ICA-056_gorekaust_bandcamp_1400px-1320x1320.jpg 1320w, https:\/\/www.ironcorpse.com\/site\/wp-content\/uploads\/2025\/11\/ICA-056_gorekaust_bandcamp_1400px.jpg 1400w\" sizes=\"auto, (max-width: 1024px) 100vw, 1024px\" \/><\/figure>\n<\/div>\n<\/div>\n\n\n\n<div class=\"wp-block-columns is-layout-flex wp-container-core-columns-is-layout-9d6595d7 wp-block-columns-is-layout-flex\">\n<div class=\"wp-block-column is-layout-flow wp-block-column-is-layout-flow\" style=\"flex-basis:33.33%\">\n<h3 class=\"wp-block-heading\">DIGITAL<\/h3>\n\n\n\n<figure class=\"wp-block-image size-full\"><a href=\"https:\/\/ironcorpse.bandcamp.com\/album\/fleshcross\"><img loading=\"lazy\" decoding=\"async\" width=\"560\" height=\"150\" src=\"https:\/\/www.ironcorpse.com\/site\/wp-content\/uploads\/2025\/11\/iron_corpse_digital_v2.jpg\" alt=\"\" class=\"wp-image-10359\" srcset=\"https:\/\/www.ironcorpse.com\/site\/wp-content\/uploads\/2025\/11\/iron_corpse_digital_v2.jpg 560w, https:\/\/www.ironcorpse.com\/site\/wp-content\/uploads\/2025\/11\/iron_corpse_digital_v2-300x80.jpg 300w\" sizes=\"auto, (max-width: 560px) 100vw, 560px\" \/><\/a><\/figure>\n\n\n\n<h3 class=\"wp-block-heading\">GOREKAUST (Riihim\u00e4ki, Finland)<\/h3>\n\n\n\n<div class=\"wp-block-columns is-layout-flex wp-container-core-columns-is-layout-9d6595d7 wp-block-columns-is-layout-flex\">\n<div class=\"wp-block-column is-layout-flow wp-block-column-is-layout-flow\">\n<figure class=\"wp-block-image size-full\"><a href=\"https:\/\/gorekaust.bandcamp.com\/\"><img loading=\"lazy\" decoding=\"async\" width=\"512\" height=\"512\" src=\"https:\/\/www.ironcorpse.com\/site\/wp-content\/uploads\/2025\/11\/brand_bandcamp_icon_512.png\" alt=\"\" class=\"wp-image-10328\" srcset=\"https:\/\/www.ironcorpse.com\/site\/wp-content\/uploads\/2025\/11\/brand_bandcamp_icon_512.png 512w, https:\/\/www.ironcorpse.com\/site\/wp-content\/uploads\/2025\/11\/brand_bandcamp_icon_512-300x300.png 300w, https:\/\/www.ironcorpse.com\/site\/wp-content\/uploads\/2025\/11\/brand_bandcamp_icon_512-100x100.png 100w, https:\/\/www.ironcorpse.com\/site\/wp-content\/uploads\/2025\/11\/brand_bandcamp_icon_512-150x150.png 150w\" sizes=\"auto, (max-width: 512px) 100vw, 512px\" \/><\/a><\/figure>\n<\/div>\n\n\n\n<div class=\"wp-block-column is-layout-flow wp-block-column-is-layout-flow\">\n<figure class=\"wp-block-image size-full\"><a href=\"https:\/\/www.instagram.com\/gorekaust_band\/\"><img loading=\"lazy\" decoding=\"async\" width=\"512\" height=\"512\" src=\"https:\/\/www.ironcorpse.com\/site\/wp-content\/uploads\/2025\/11\/brand_instagram_icon_512.png\" alt=\"\" class=\"wp-image-10341\" srcset=\"https:\/\/www.ironcorpse.com\/site\/wp-content\/uploads\/2025\/11\/brand_instagram_icon_512.png 512w, https:\/\/www.ironcorpse.com\/site\/wp-content\/uploads\/2025\/11\/brand_instagram_icon_512-300x300.png 300w, https:\/\/www.ironcorpse.com\/site\/wp-content\/uploads\/2025\/11\/brand_instagram_icon_512-100x100.png 100w, https:\/\/www.ironcorpse.com\/site\/wp-content\/uploads\/2025\/11\/brand_instagram_icon_512-150x150.png 150w\" sizes=\"auto, (max-width: 512px) 100vw, 512px\" \/><\/a><\/figure>\n<\/div>\n\n\n\n<div class=\"wp-block-column is-layout-flow wp-block-column-is-layout-flow\">\n<figure class=\"wp-block-image size-full\"><a href=\"https:\/\/www.facebook.com\/profile.php?id=100075748245504\"><img loading=\"lazy\" decoding=\"async\" width=\"512\" height=\"512\" src=\"https:\/\/www.ironcorpse.com\/site\/wp-content\/uploads\/2025\/11\/brand_facebook_icon_512.png\" alt=\"\" class=\"wp-image-10482\" srcset=\"https:\/\/www.ironcorpse.com\/site\/wp-content\/uploads\/2025\/11\/brand_facebook_icon_512.png 512w, https:\/\/www.ironcorpse.com\/site\/wp-content\/uploads\/2025\/11\/brand_facebook_icon_512-300x300.png 300w, https:\/\/www.ironcorpse.com\/site\/wp-content\/uploads\/2025\/11\/brand_facebook_icon_512-100x100.png 100w, https:\/\/www.ironcorpse.com\/site\/wp-content\/uploads\/2025\/11\/brand_facebook_icon_512-150x150.png 150w\" sizes=\"auto, (max-width: 512px) 100vw, 512px\" \/><\/a><\/figure>\n<\/div>\n<\/div>\n\n\n\n<h3 class=\"wp-block-heading\">PARTNERS \/ CO-RELEASED WITH<\/h3>\n\n\n\n<div class=\"wp-block-columns is-layout-flex wp-container-core-columns-is-layout-9d6595d7 wp-block-columns-is-layout-flex\">\n<div class=\"wp-block-column is-layout-flow wp-block-column-is-layout-flow\" style=\"flex-basis:66.66%\">\n<figure class=\"wp-block-image size-full\"><a href=\"https:\/\/www.ironfortressrecords.com\/\"><img loading=\"lazy\" decoding=\"async\" width=\"823\" height=\"823\" src=\"https:\/\/www.ironcorpse.com\/site\/wp-content\/uploads\/2025\/03\/ironfortress.webp\" alt=\"\" class=\"wp-image-5910\" srcset=\"https:\/\/www.ironcorpse.com\/site\/wp-content\/uploads\/2025\/03\/ironfortress.webp 823w, https:\/\/www.ironcorpse.com\/site\/wp-content\/uploads\/2025\/03\/ironfortress-300x300.webp 300w, https:\/\/www.ironcorpse.com\/site\/wp-content\/uploads\/2025\/03\/ironfortress-100x100.webp 100w, https:\/\/www.ironcorpse.com\/site\/wp-content\/uploads\/2025\/03\/ironfortress-600x600.webp 600w, https:\/\/www.ironcorpse.com\/site\/wp-content\/uploads\/2025\/03\/ironfortress-150x150.webp 150w, https:\/\/www.ironcorpse.com\/site\/wp-content\/uploads\/2025\/03\/ironfortress-768x768.webp 768w\" sizes=\"auto, (max-width: 823px) 100vw, 823px\" \/><\/a><\/figure>\n<\/div>\n\n\n\n<div class=\"wp-block-column is-layout-flow wp-block-column-is-layout-flow\" style=\"flex-basis:33.33%\">\n<figure class=\"wp-block-image size-full\"><a href=\"https:\/\/www.instagram.com\/ironfortressrecords\/\"><img loading=\"lazy\" decoding=\"async\" width=\"512\" height=\"512\" src=\"https:\/\/www.ironcorpse.com\/site\/wp-content\/uploads\/2025\/11\/brand_instagram_icon_512.png\" alt=\"\" class=\"wp-image-10341\" srcset=\"https:\/\/www.ironcorpse.com\/site\/wp-content\/uploads\/2025\/11\/brand_instagram_icon_512.png 512w, https:\/\/www.ironcorpse.com\/site\/wp-content\/uploads\/2025\/11\/brand_instagram_icon_512-300x300.png 300w, https:\/\/www.ironcorpse.com\/site\/wp-content\/uploads\/2025\/11\/brand_instagram_icon_512-100x100.png 100w, https:\/\/www.ironcorpse.com\/site\/wp-content\/uploads\/2025\/11\/brand_instagram_icon_512-150x150.png 150w\" sizes=\"auto, (max-width: 512px) 100vw, 512px\" \/><\/a><\/figure>\n<\/div>\n<\/div>\n<\/div>\n\n\n\n<div class=\"wp-block-column is-layout-flow wp-block-column-is-layout-flow\" style=\"flex-basis:66.66%\">\n<p>Iron Corpse is proud to announce the European pressing of the sophomore album of Finland\u2019s GOREKAUST. The album was recently released in the US on the mighty IRON FORTRESS RECORDS.<\/p>\n\n\n\n<p>GOREKAUST, one of the best new death metal bands spewing from the Finnish underground right now are back with their sophomore album \u201cFleshcross\u201d! 9 tracks across 40 minutes of old school Finnish death metal. Polished, ripping, and with putrid groove\u2026 Gorekaust showcases their true maturity on this record and not only are they a young band (started in 2020 with 2 EPs and 1 album under their belts) but they prove they are a death metal force to be fucked with!<\/p>\n\n\n\n<p>Recorded at Juvanmalmi Crypt &amp; Kyl\u00e4nraitti Satanic Metal Temple. Produced by Juuso H\u00e4m\u00e4l\u00e4inen (AZATOTH), Joonas Honkanen (CRYPTIC HATRED) and GOREKAUST. Mixed and mastered by Juuso H\u00e4m\u00e4l\u00e4inen (AZATOTH), artwork by Slimeweaver, photos by Eetu Kolehmainen, layouts by Septic Fog. Guest vocals by Joel Das (AZATOTH) and keyboards by Maisa Virtanen (FENNOSTANA) and Olli.<\/p>\n\n\n\n<p>FFO: CONVULSE, DEMIGOD, PESTIGORE, INCANTATION<\/p>\n\n\n\n<p>US cassette &amp; CD pressing on IRON FORTRESS RECORDS<\/p>\n\n\n\n<h3 class=\"wp-block-heading\"><strong>EUROPEAN PRESSIN<\/strong>G<\/h3>\n\n\n\n<figure class=\"wp-block-table\"><table class=\"has-fixed-layout\"><tbody><tr><td>CATALOG NUMBER<\/td><td>ICA-056<\/td><\/tr><tr><td>ARTIST<\/td><td>GOREKAUST<\/td><\/tr><tr><td>TITLE<\/td><td>Fleshcross<\/td><\/tr><tr><td>RELEASE DATE<\/td><td>12 August 2025<\/td><\/tr><tr><td>FORMAT<\/td><td>CASSETTE, DIGITAL<\/td><\/tr><tr><td>PRESSING<\/td><td>100x transparent shell with sticker label<\/td><\/tr><tr><td>ADDITIONAL NOTES<\/td><td>Artwork by Slimeweaver<\/td><\/tr><\/tbody><\/table><\/figure>\n<\/div>\n<\/div>\n\n\n\n<figure class=\"wp-block-embed is-type-video is-provider-youtube wp-block-embed-youtube wp-embed-aspect-16-9 wp-has-aspect-ratio\"><div class=\"wp-block-embed__wrapper\">\n<iframe loading=\"lazy\" title=\"GOREKAUST &quot;Fleshcross&quot; (Official Album Full Stream) IRON CORPSE\" width=\"500\" height=\"281\" src=\"https:\/\/www.youtube.com\/embed\/2t-ufANEALM?feature=oembed\" frameborder=\"0\" allow=\"accelerometer; autoplay; clipboard-write; encrypted-media; gyroscope; picture-in-picture; web-share\" referrerpolicy=\"strict-origin-when-cross-origin\" allowfullscreen><\/iframe>\n<\/div><\/figure>\n","protected":false},"excerpt":{"rendered":"<p>DIGITAL GOREKAUST (Riihim\u00e4ki, Finland) PARTNERS \/ CO-RELEASED WITH Iron Corpse is proud to announce the European pressing of the sophomore album of Finland\u2019s GOREKAUST. The album was recently released in the US on the mighty IRON FORTRESS RECORDS. GOREKAUST, one of the best new death metal bands spewing from the Finnish underground right now are back with their sophomore album \u201cFleshcross\u201d! 9 tracks across 40 minutes of old school Finnish death metal. Polished, ripping, and with putrid groove\u2026 Gorekaust showcases&#8230;<\/p>\n","protected":false},"author":1,"featured_media":0,"parent":226,"menu_order":0,"comment_status":"closed","ping_status":"closed","template":"","meta":{"footnotes":""},"class_list":["post-10318","page","type-page","status-publish","hentry"],"_links":{"self":[{"href":"https:\/\/www.ironcorpse.com\/site\/wp-json\/wp\/v2\/pages\/10318","targetHints":{"allow":["GET"]}}],"collection":[{"href":"https:\/\/www.ironcorpse.com\/site\/wp-json\/wp\/v2\/pages"}],"about":[{"href":"https:\/\/www.ironcorpse.com\/site\/wp-json\/wp\/v2\/types\/page"}],"author":[{"embeddable":true,"href":"https:\/\/www.ironcorpse.com\/site\/wp-json\/wp\/v2\/users\/1"}],"replies":[{"embeddable":true,"href":"https:\/\/www.ironcorpse.com\/site\/wp-json\/wp\/v2\/comments?post=10318"}],"version-history":[{"count":12,"href":"https:\/\/www.ironcorpse.com\/site\/wp-json\/wp\/v2\/pages\/10318\/revisions"}],"predecessor-version":[{"id":10500,"href":"https:\/\/www.ironcorpse.com\/site\/wp-json\/wp\/v2\/pages\/10318\/revisions\/10500"}],"up":[{"embeddable":true,"href":"https:\/\/www.ironcorpse.com\/site\/wp-json\/wp\/v2\/pages\/226"}],"wp:attachment":[{"href":"https:\/\/www.ironcorpse.com\/site\/wp-json\/wp\/v2\/media?parent=10318"}],"curies":[{"name":"wp","href":"https:\/\/api.w.org\/{rel}","templated":true}]}}