{"id":10410,"date":"2025-11-18T09:48:29","date_gmt":"2025-11-18T06:48:29","guid":{"rendered":"https:\/\/www.ironcorpse.com\/site\/?page_id=10410"},"modified":"2025-12-12T15:15:41","modified_gmt":"2025-12-12T12:15:41","slug":"ica-058-corroder-thrive-lp-digi","status":"publish","type":"page","link":"https:\/\/www.ironcorpse.com\/site\/iron-corpse-productions\/ica-058-corroder-thrive-lp-digi\/","title":{"rendered":"ICA-058 CORRODER &#8220;Thrive&#8221; LP \/ DIGI"},"content":{"rendered":"\n<div class=\"wp-block-columns is-layout-flex wp-container-core-columns-is-layout-9d6595d7 wp-block-columns-is-layout-flex\">\n<div class=\"wp-block-column is-layout-flow wp-block-column-is-layout-flow\">\n<figure class=\"wp-block-image size-large\"><img loading=\"lazy\" decoding=\"async\" width=\"1024\" height=\"1024\" src=\"https:\/\/www.ironcorpse.com\/site\/wp-content\/uploads\/2025\/10\/ICA-058_corroder_release_black-woo-1024x1024.jpg\" alt=\"\" class=\"wp-image-8717\" srcset=\"https:\/\/www.ironcorpse.com\/site\/wp-content\/uploads\/2025\/10\/ICA-058_corroder_release_black-woo-1024x1024.jpg 1024w, https:\/\/www.ironcorpse.com\/site\/wp-content\/uploads\/2025\/10\/ICA-058_corroder_release_black-woo-300x300.jpg 300w, https:\/\/www.ironcorpse.com\/site\/wp-content\/uploads\/2025\/10\/ICA-058_corroder_release_black-woo-100x100.jpg 100w, https:\/\/www.ironcorpse.com\/site\/wp-content\/uploads\/2025\/10\/ICA-058_corroder_release_black-woo-600x600.jpg 600w, https:\/\/www.ironcorpse.com\/site\/wp-content\/uploads\/2025\/10\/ICA-058_corroder_release_black-woo-150x150.jpg 150w, https:\/\/www.ironcorpse.com\/site\/wp-content\/uploads\/2025\/10\/ICA-058_corroder_release_black-woo-768x768.jpg 768w, https:\/\/www.ironcorpse.com\/site\/wp-content\/uploads\/2025\/10\/ICA-058_corroder_release_black-woo.jpg 1300w\" sizes=\"auto, (max-width: 1024px) 100vw, 1024px\" \/><\/figure>\n<\/div>\n\n\n\n<div class=\"wp-block-column is-layout-flow wp-block-column-is-layout-flow\">\n<figure class=\"wp-block-image size-full\"><img loading=\"lazy\" decoding=\"async\" width=\"827\" height=\"827\" src=\"https:\/\/www.ironcorpse.com\/site\/wp-content\/uploads\/2025\/10\/ICA-058_corroder_thrive_mockup.jpg\" alt=\"\" class=\"wp-image-9645\" srcset=\"https:\/\/www.ironcorpse.com\/site\/wp-content\/uploads\/2025\/10\/ICA-058_corroder_thrive_mockup.jpg 827w, https:\/\/www.ironcorpse.com\/site\/wp-content\/uploads\/2025\/10\/ICA-058_corroder_thrive_mockup-300x300.jpg 300w, https:\/\/www.ironcorpse.com\/site\/wp-content\/uploads\/2025\/10\/ICA-058_corroder_thrive_mockup-100x100.jpg 100w, https:\/\/www.ironcorpse.com\/site\/wp-content\/uploads\/2025\/10\/ICA-058_corroder_thrive_mockup-600x600.jpg 600w, https:\/\/www.ironcorpse.com\/site\/wp-content\/uploads\/2025\/10\/ICA-058_corroder_thrive_mockup-150x150.jpg 150w, https:\/\/www.ironcorpse.com\/site\/wp-content\/uploads\/2025\/10\/ICA-058_corroder_thrive_mockup-768x768.jpg 768w\" sizes=\"auto, (max-width: 827px) 100vw, 827px\" \/><\/figure>\n<\/div>\n\n\n\n<div class=\"wp-block-column is-layout-flow wp-block-column-is-layout-flow\">\n<figure class=\"wp-block-image size-large\"><img loading=\"lazy\" decoding=\"async\" width=\"1024\" height=\"1024\" src=\"https:\/\/www.ironcorpse.com\/site\/wp-content\/uploads\/2025\/11\/ICA-058_corroder_product1_2000px-1024x1024.jpg\" alt=\"\" class=\"wp-image-10560\" srcset=\"https:\/\/www.ironcorpse.com\/site\/wp-content\/uploads\/2025\/11\/ICA-058_corroder_product1_2000px-1024x1024.jpg 1024w, https:\/\/www.ironcorpse.com\/site\/wp-content\/uploads\/2025\/11\/ICA-058_corroder_product1_2000px-300x300.jpg 300w, https:\/\/www.ironcorpse.com\/site\/wp-content\/uploads\/2025\/11\/ICA-058_corroder_product1_2000px-100x100.jpg 100w, https:\/\/www.ironcorpse.com\/site\/wp-content\/uploads\/2025\/11\/ICA-058_corroder_product1_2000px-600x600.jpg 600w, https:\/\/www.ironcorpse.com\/site\/wp-content\/uploads\/2025\/11\/ICA-058_corroder_product1_2000px-150x150.jpg 150w, https:\/\/www.ironcorpse.com\/site\/wp-content\/uploads\/2025\/11\/ICA-058_corroder_product1_2000px-768x768.jpg 768w, https:\/\/www.ironcorpse.com\/site\/wp-content\/uploads\/2025\/11\/ICA-058_corroder_product1_2000px-1536x1536.jpg 1536w, https:\/\/www.ironcorpse.com\/site\/wp-content\/uploads\/2025\/11\/ICA-058_corroder_product1_2000px-1320x1320.jpg 1320w, https:\/\/www.ironcorpse.com\/site\/wp-content\/uploads\/2025\/11\/ICA-058_corroder_product1_2000px.jpg 2000w\" sizes=\"auto, (max-width: 1024px) 100vw, 1024px\" \/><\/figure>\n<\/div>\n\n\n\n<div class=\"wp-block-column is-layout-flow wp-block-column-is-layout-flow\">\n<figure class=\"wp-block-image size-large\"><img loading=\"lazy\" decoding=\"async\" width=\"1024\" height=\"1024\" src=\"https:\/\/www.ironcorpse.com\/site\/wp-content\/uploads\/2025\/11\/ICA-058_corroder_bandcamp_2000px-1024x1024.jpg\" alt=\"\" class=\"wp-image-10478\" srcset=\"https:\/\/www.ironcorpse.com\/site\/wp-content\/uploads\/2025\/11\/ICA-058_corroder_bandcamp_2000px-1024x1024.jpg 1024w, https:\/\/www.ironcorpse.com\/site\/wp-content\/uploads\/2025\/11\/ICA-058_corroder_bandcamp_2000px-300x300.jpg 300w, https:\/\/www.ironcorpse.com\/site\/wp-content\/uploads\/2025\/11\/ICA-058_corroder_bandcamp_2000px-100x100.jpg 100w, https:\/\/www.ironcorpse.com\/site\/wp-content\/uploads\/2025\/11\/ICA-058_corroder_bandcamp_2000px-600x600.jpg 600w, https:\/\/www.ironcorpse.com\/site\/wp-content\/uploads\/2025\/11\/ICA-058_corroder_bandcamp_2000px-150x150.jpg 150w, https:\/\/www.ironcorpse.com\/site\/wp-content\/uploads\/2025\/11\/ICA-058_corroder_bandcamp_2000px-768x768.jpg 768w, https:\/\/www.ironcorpse.com\/site\/wp-content\/uploads\/2025\/11\/ICA-058_corroder_bandcamp_2000px-1536x1536.jpg 1536w, https:\/\/www.ironcorpse.com\/site\/wp-content\/uploads\/2025\/11\/ICA-058_corroder_bandcamp_2000px-1320x1320.jpg 1320w, https:\/\/www.ironcorpse.com\/site\/wp-content\/uploads\/2025\/11\/ICA-058_corroder_bandcamp_2000px.jpg 2000w\" sizes=\"auto, (max-width: 1024px) 100vw, 1024px\" \/><\/figure>\n<\/div>\n<\/div>\n\n\n\n<div class=\"wp-block-columns is-layout-flex wp-container-core-columns-is-layout-9d6595d7 wp-block-columns-is-layout-flex\">\n<div class=\"wp-block-column is-layout-flow wp-block-column-is-layout-flow\" style=\"flex-basis:33.33%\">\n<h3 class=\"wp-block-heading\">DIGITAL<\/h3>\n\n\n\n<figure class=\"wp-block-image size-full\"><a href=\"https:\/\/ironcorpse.bandcamp.com\/album\/thrive\"><img loading=\"lazy\" decoding=\"async\" width=\"560\" height=\"150\" src=\"https:\/\/www.ironcorpse.com\/site\/wp-content\/uploads\/2025\/11\/iron_corpse_digital_v2.jpg\" alt=\"\" class=\"wp-image-10359\" srcset=\"https:\/\/www.ironcorpse.com\/site\/wp-content\/uploads\/2025\/11\/iron_corpse_digital_v2.jpg 560w, https:\/\/www.ironcorpse.com\/site\/wp-content\/uploads\/2025\/11\/iron_corpse_digital_v2-300x80.jpg 300w\" sizes=\"auto, (max-width: 560px) 100vw, 560px\" \/><\/a><\/figure>\n\n\n\n<h3 class=\"wp-block-heading\">CORRODER<\/h3>\n\n\n\n<div class=\"wp-block-columns is-layout-flex wp-container-core-columns-is-layout-9d6595d7 wp-block-columns-is-layout-flex\">\n<div class=\"wp-block-column is-layout-flow wp-block-column-is-layout-flow\">\n<figure class=\"wp-block-image size-full\"><a href=\"https:\/\/corroderjkl.bandcamp.com\/\"><img loading=\"lazy\" decoding=\"async\" width=\"512\" height=\"512\" src=\"https:\/\/www.ironcorpse.com\/site\/wp-content\/uploads\/2025\/11\/brand_bandcamp_icon_512.png\" alt=\"\" class=\"wp-image-10328\" srcset=\"https:\/\/www.ironcorpse.com\/site\/wp-content\/uploads\/2025\/11\/brand_bandcamp_icon_512.png 512w, https:\/\/www.ironcorpse.com\/site\/wp-content\/uploads\/2025\/11\/brand_bandcamp_icon_512-300x300.png 300w, https:\/\/www.ironcorpse.com\/site\/wp-content\/uploads\/2025\/11\/brand_bandcamp_icon_512-100x100.png 100w, https:\/\/www.ironcorpse.com\/site\/wp-content\/uploads\/2025\/11\/brand_bandcamp_icon_512-150x150.png 150w\" sizes=\"auto, (max-width: 512px) 100vw, 512px\" \/><\/a><\/figure>\n<\/div>\n\n\n\n<div class=\"wp-block-column is-layout-flow wp-block-column-is-layout-flow\">\n<figure class=\"wp-block-image size-full\"><a href=\"https:\/\/www.instagram.com\/corroderband\/\"><img loading=\"lazy\" decoding=\"async\" width=\"512\" height=\"512\" src=\"https:\/\/www.ironcorpse.com\/site\/wp-content\/uploads\/2025\/11\/brand_instagram_icon_512.png\" alt=\"\" class=\"wp-image-10341\" srcset=\"https:\/\/www.ironcorpse.com\/site\/wp-content\/uploads\/2025\/11\/brand_instagram_icon_512.png 512w, https:\/\/www.ironcorpse.com\/site\/wp-content\/uploads\/2025\/11\/brand_instagram_icon_512-300x300.png 300w, https:\/\/www.ironcorpse.com\/site\/wp-content\/uploads\/2025\/11\/brand_instagram_icon_512-100x100.png 100w, https:\/\/www.ironcorpse.com\/site\/wp-content\/uploads\/2025\/11\/brand_instagram_icon_512-150x150.png 150w\" sizes=\"auto, (max-width: 512px) 100vw, 512px\" \/><\/a><\/figure>\n<\/div>\n\n\n\n<div class=\"wp-block-column is-layout-flow wp-block-column-is-layout-flow\"><\/div>\n<\/div>\n\n\n\n<h3 class=\"wp-block-heading\">PARTNERS \/ CO-RELEASED WITH<\/h3>\n\n\n\n<div class=\"wp-block-columns is-layout-flex wp-container-core-columns-is-layout-9d6595d7 wp-block-columns-is-layout-flex\">\n<div class=\"wp-block-column is-layout-flow wp-block-column-is-layout-flow\" style=\"flex-basis:66.66%\">\n<figure class=\"wp-block-image size-full\"><img loading=\"lazy\" decoding=\"async\" width=\"500\" height=\"500\" src=\"https:\/\/www.ironcorpse.com\/site\/wp-content\/uploads\/2024\/11\/minorobscur_500px.jpg\" alt=\"\" class=\"wp-image-4666\" srcset=\"https:\/\/www.ironcorpse.com\/site\/wp-content\/uploads\/2024\/11\/minorobscur_500px.jpg 500w, https:\/\/www.ironcorpse.com\/site\/wp-content\/uploads\/2024\/11\/minorobscur_500px-300x300.jpg 300w, https:\/\/www.ironcorpse.com\/site\/wp-content\/uploads\/2024\/11\/minorobscur_500px-100x100.jpg 100w, https:\/\/www.ironcorpse.com\/site\/wp-content\/uploads\/2024\/11\/minorobscur_500px-416x416.jpg 416w, https:\/\/www.ironcorpse.com\/site\/wp-content\/uploads\/2024\/11\/minorobscur_500px-150x150.jpg 150w\" sizes=\"auto, (max-width: 500px) 100vw, 500px\" \/><\/figure>\n<\/div>\n\n\n\n<div class=\"wp-block-column is-layout-flow wp-block-column-is-layout-flow\" style=\"flex-basis:33.33%\"><\/div>\n<\/div>\n<\/div>\n\n\n\n<div class=\"wp-block-column is-layout-flow wp-block-column-is-layout-flow\" style=\"flex-basis:66.66%\">\n<p>Like a dormant species emerging from the permafrost, CORRODER are a completely different breed of what we see and hear today. In the modern age where hardcore is basically taking two directions &#8211; either full chugga metal, or the complete other way, catchy 80&#8217;s style punk\/hc &#8211; CORRODER are aiming back to the 90&#8217;s where metallic hardcore was first shaped by RORSCHACH and later dominated by the sound of two labels in the US and Europe: KING OF THE MONSTERS and PER KORO, respectively.<br><br>These labels chewed out some of the nastiest dissonant, grinding, heavy hardcore that the world had to offer, many times bordering and overlapping into death\/grind. In the US the sound was shaped and moulded by UNRUH, SUICIDE NATION &#8211; perhaps even ASSUCK &#8211; and on the other hand our old continent offered names such as ACME, SYSTRAL, M\u00d6RSER, KNUT.. With those names dropped, that should already give you a pretty good idea what CORRODER is all about. Chewing, grinding, gnawing abrasive riffs with full-on heavy sludgy breakdowns, on the same time avoiding the typical chugga riff collage.<br><br>After their latest release &#8220;Doctrine\/Instinct&#8221; &#8211; an insane package of a double 7&#8243; released simultaneously as two individual Records &#8211; the band took the entire covid era to write their debut album &#8220;Thrive&#8221; with the exception of live performances in Finland. The result offers 12 tracks over a span of 26 minutes, keeping the attention on their aggression and intensity. Heavy hardcore with a good measure of grind and sludge &#8211; abrasive, dissonant and aggressive.<br><br>&#8220;The sort of unspoken consensus is that if a riff is not heavy or somehow nasty sounding, it&#8217;s not us. Sometimes that ethos generates a deathmetal influenced song and sometimes more of a pure hardcore song and a lot of times it&#8217;s something in between a bunch of genres we enjoy. But our heart is always hardcore.&#8221;<\/p>\n\n\n\n<p>Pressed on vinyl in Helsinki by Puristamo.<br><br>Co-release with Minor Label (Germany), Tuhkaa ja Paskaa Esitt\u00e4\u00e4 (Finland) and Several Casualties Productions (Finland).<br><br>FFO: RORSCHACH, UNRUH, ACME, SYSTRAL, M\u00d6RSER\u00a0<\/p>\n\n\n\n<figure class=\"wp-block-table\"><table class=\"has-fixed-layout\"><tbody><tr><td>CATALOG NUMBER<\/td><td>ICA-058<\/td><\/tr><tr><td>ARTIST<\/td><td>CORRODER<\/td><\/tr><tr><td>TITLE<\/td><td>Thrive<\/td><\/tr><tr><td>RELEASE DATE<\/td><td>28 November 2025<\/td><\/tr><tr><td>FORMAT<\/td><td>LP, DIGITAL<\/td><\/tr><tr><td>PRESSING<\/td><td>200 black vinyl<\/td><\/tr><\/tbody><\/table><\/figure>\n<\/div>\n<\/div>\n\n\n\n<figure class=\"wp-block-embed is-type-video is-provider-youtube wp-block-embed-youtube wp-embed-aspect-16-9 wp-has-aspect-ratio\"><div class=\"wp-block-embed__wrapper\">\n<iframe loading=\"lazy\" title=\"CORRODER &quot;Obsolete&quot; (Official Track Premiere from &quot;Thrive&quot;) IRON CORPSE\" width=\"500\" height=\"281\" src=\"https:\/\/www.youtube.com\/embed\/jnLZeiRoGsA?feature=oembed\" frameborder=\"0\" allow=\"accelerometer; autoplay; clipboard-write; encrypted-media; gyroscope; picture-in-picture; web-share\" referrerpolicy=\"strict-origin-when-cross-origin\" allowfullscreen><\/iframe>\n<\/div><\/figure>\n","protected":false},"excerpt":{"rendered":"<p>DIGITAL CORRODER PARTNERS \/ CO-RELEASED WITH Like a dormant species emerging from the permafrost, CORRODER are a completely different breed of what we see and hear today. In the modern age where hardcore is basically taking two directions &#8211; either full chugga metal, or the complete other way, catchy 80&#8217;s style punk\/hc &#8211; CORRODER are aiming back to the 90&#8217;s where metallic hardcore was first shaped by RORSCHACH and later dominated by the sound of two labels in the US&#8230;<\/p>\n","protected":false},"author":1,"featured_media":0,"parent":226,"menu_order":0,"comment_status":"closed","ping_status":"closed","template":"","meta":{"footnotes":""},"class_list":["post-10410","page","type-page","status-publish","hentry"],"_links":{"self":[{"href":"https:\/\/www.ironcorpse.com\/site\/wp-json\/wp\/v2\/pages\/10410","targetHints":{"allow":["GET"]}}],"collection":[{"href":"https:\/\/www.ironcorpse.com\/site\/wp-json\/wp\/v2\/pages"}],"about":[{"href":"https:\/\/www.ironcorpse.com\/site\/wp-json\/wp\/v2\/types\/page"}],"author":[{"embeddable":true,"href":"https:\/\/www.ironcorpse.com\/site\/wp-json\/wp\/v2\/users\/1"}],"replies":[{"embeddable":true,"href":"https:\/\/www.ironcorpse.com\/site\/wp-json\/wp\/v2\/comments?post=10410"}],"version-history":[{"count":9,"href":"https:\/\/www.ironcorpse.com\/site\/wp-json\/wp\/v2\/pages\/10410\/revisions"}],"predecessor-version":[{"id":11941,"href":"https:\/\/www.ironcorpse.com\/site\/wp-json\/wp\/v2\/pages\/10410\/revisions\/11941"}],"up":[{"embeddable":true,"href":"https:\/\/www.ironcorpse.com\/site\/wp-json\/wp\/v2\/pages\/226"}],"wp:attachment":[{"href":"https:\/\/www.ironcorpse.com\/site\/wp-json\/wp\/v2\/media?parent=10410"}],"curies":[{"name":"wp","href":"https:\/\/api.w.org\/{rel}","templated":true}]}}