{"id":12046,"date":"2025-12-19T12:49:11","date_gmt":"2025-12-19T09:49:11","guid":{"rendered":"https:\/\/www.ironcorpse.com\/site\/?page_id=12046"},"modified":"2026-01-29T16:08:21","modified_gmt":"2026-01-29T13:08:21","slug":"ica-060-madatys-kuoleman-ulottuvuudet-lp-cs-digi","status":"publish","type":"page","link":"https:\/\/www.ironcorpse.com\/site\/iron-corpse-productions\/ica-060-madatys-kuoleman-ulottuvuudet-lp-cs-digi\/","title":{"rendered":"ICA-060 M\u00c4D\u00c4TYS &#8220;Kuoleman Ulottuvuudet&#8221; LP \/ CS \/ DIGI"},"content":{"rendered":"\n<div class=\"wp-block-columns is-layout-flex wp-container-core-columns-is-layout-9d6595d7 wp-block-columns-is-layout-flex\">\n<div class=\"wp-block-column is-layout-flow wp-block-column-is-layout-flow\">\n<figure class=\"wp-block-image size-large\"><img loading=\"lazy\" decoding=\"async\" width=\"1024\" height=\"1024\" src=\"https:\/\/www.ironcorpse.com\/site\/wp-content\/uploads\/2025\/12\/ICA-060_madatys_release_black-woo-1024x1024.jpg\" alt=\"\" class=\"wp-image-12052\" srcset=\"https:\/\/www.ironcorpse.com\/site\/wp-content\/uploads\/2025\/12\/ICA-060_madatys_release_black-woo-1024x1024.jpg 1024w, https:\/\/www.ironcorpse.com\/site\/wp-content\/uploads\/2025\/12\/ICA-060_madatys_release_black-woo-300x300.jpg 300w, https:\/\/www.ironcorpse.com\/site\/wp-content\/uploads\/2025\/12\/ICA-060_madatys_release_black-woo-100x100.jpg 100w, https:\/\/www.ironcorpse.com\/site\/wp-content\/uploads\/2025\/12\/ICA-060_madatys_release_black-woo-600x600.jpg 600w, https:\/\/www.ironcorpse.com\/site\/wp-content\/uploads\/2025\/12\/ICA-060_madatys_release_black-woo-150x150.jpg 150w, https:\/\/www.ironcorpse.com\/site\/wp-content\/uploads\/2025\/12\/ICA-060_madatys_release_black-woo-768x768.jpg 768w, https:\/\/www.ironcorpse.com\/site\/wp-content\/uploads\/2025\/12\/ICA-060_madatys_release_black-woo.jpg 1300w\" sizes=\"auto, (max-width: 1024px) 100vw, 1024px\" \/><\/figure>\n<\/div>\n\n\n\n<div class=\"wp-block-column is-layout-flow wp-block-column-is-layout-flow\">\n<figure class=\"wp-block-image size-full\"><img loading=\"lazy\" decoding=\"async\" width=\"827\" height=\"827\" src=\"https:\/\/www.ironcorpse.com\/site\/wp-content\/uploads\/2025\/12\/ICA-060_madatys_kuolemanulottuvuudet_mockup_gold.jpg\" alt=\"\" class=\"wp-image-12047\" srcset=\"https:\/\/www.ironcorpse.com\/site\/wp-content\/uploads\/2025\/12\/ICA-060_madatys_kuolemanulottuvuudet_mockup_gold.jpg 827w, https:\/\/www.ironcorpse.com\/site\/wp-content\/uploads\/2025\/12\/ICA-060_madatys_kuolemanulottuvuudet_mockup_gold-300x300.jpg 300w, https:\/\/www.ironcorpse.com\/site\/wp-content\/uploads\/2025\/12\/ICA-060_madatys_kuolemanulottuvuudet_mockup_gold-100x100.jpg 100w, https:\/\/www.ironcorpse.com\/site\/wp-content\/uploads\/2025\/12\/ICA-060_madatys_kuolemanulottuvuudet_mockup_gold-600x600.jpg 600w, https:\/\/www.ironcorpse.com\/site\/wp-content\/uploads\/2025\/12\/ICA-060_madatys_kuolemanulottuvuudet_mockup_gold-150x150.jpg 150w, https:\/\/www.ironcorpse.com\/site\/wp-content\/uploads\/2025\/12\/ICA-060_madatys_kuolemanulottuvuudet_mockup_gold-768x768.jpg 768w\" sizes=\"auto, (max-width: 827px) 100vw, 827px\" \/><\/figure>\n<\/div>\n\n\n\n<div class=\"wp-block-column is-layout-flow wp-block-column-is-layout-flow\">\n<figure class=\"wp-block-image size-full\"><img loading=\"lazy\" decoding=\"async\" width=\"827\" height=\"827\" src=\"https:\/\/www.ironcorpse.com\/site\/wp-content\/uploads\/2025\/12\/ICA-060_madatys_kuolemanulottuvuudet_mockup_black_back.jpg\" alt=\"\" class=\"wp-image-12048\" srcset=\"https:\/\/www.ironcorpse.com\/site\/wp-content\/uploads\/2025\/12\/ICA-060_madatys_kuolemanulottuvuudet_mockup_black_back.jpg 827w, https:\/\/www.ironcorpse.com\/site\/wp-content\/uploads\/2025\/12\/ICA-060_madatys_kuolemanulottuvuudet_mockup_black_back-300x300.jpg 300w, https:\/\/www.ironcorpse.com\/site\/wp-content\/uploads\/2025\/12\/ICA-060_madatys_kuolemanulottuvuudet_mockup_black_back-100x100.jpg 100w, https:\/\/www.ironcorpse.com\/site\/wp-content\/uploads\/2025\/12\/ICA-060_madatys_kuolemanulottuvuudet_mockup_black_back-600x600.jpg 600w, https:\/\/www.ironcorpse.com\/site\/wp-content\/uploads\/2025\/12\/ICA-060_madatys_kuolemanulottuvuudet_mockup_black_back-150x150.jpg 150w, https:\/\/www.ironcorpse.com\/site\/wp-content\/uploads\/2025\/12\/ICA-060_madatys_kuolemanulottuvuudet_mockup_black_back-768x768.jpg 768w\" sizes=\"auto, (max-width: 827px) 100vw, 827px\" \/><\/figure>\n<\/div>\n\n\n\n<div class=\"wp-block-column is-layout-flow wp-block-column-is-layout-flow\">\n<figure class=\"wp-block-image size-large\"><img loading=\"lazy\" decoding=\"async\" width=\"1024\" height=\"1024\" src=\"https:\/\/www.ironcorpse.com\/site\/wp-content\/uploads\/2025\/12\/ICA-060_madatys_mockup_set-1024x1024.jpg\" alt=\"\" class=\"wp-image-12079\" srcset=\"https:\/\/www.ironcorpse.com\/site\/wp-content\/uploads\/2025\/12\/ICA-060_madatys_mockup_set-1024x1024.jpg 1024w, https:\/\/www.ironcorpse.com\/site\/wp-content\/uploads\/2025\/12\/ICA-060_madatys_mockup_set-300x300.jpg 300w, https:\/\/www.ironcorpse.com\/site\/wp-content\/uploads\/2025\/12\/ICA-060_madatys_mockup_set-100x100.jpg 100w, https:\/\/www.ironcorpse.com\/site\/wp-content\/uploads\/2025\/12\/ICA-060_madatys_mockup_set-600x600.jpg 600w, https:\/\/www.ironcorpse.com\/site\/wp-content\/uploads\/2025\/12\/ICA-060_madatys_mockup_set-150x150.jpg 150w, https:\/\/www.ironcorpse.com\/site\/wp-content\/uploads\/2025\/12\/ICA-060_madatys_mockup_set-768x768.jpg 768w, https:\/\/www.ironcorpse.com\/site\/wp-content\/uploads\/2025\/12\/ICA-060_madatys_mockup_set.jpg 1300w\" sizes=\"auto, (max-width: 1024px) 100vw, 1024px\" \/><\/figure>\n<\/div>\n<\/div>\n\n\n\n<div class=\"wp-block-columns is-layout-flex wp-container-core-columns-is-layout-9d6595d7 wp-block-columns-is-layout-flex\">\n<div class=\"wp-block-column is-layout-flow wp-block-column-is-layout-flow\" style=\"flex-basis:33.33%\">\n<h3 class=\"wp-block-heading\">DIGITAL<\/h3>\n\n\n\n<figure class=\"wp-block-image size-full\"><a href=\"https:\/\/ironcorpse.bandcamp.com\/\"><img loading=\"lazy\" decoding=\"async\" width=\"560\" height=\"150\" src=\"https:\/\/www.ironcorpse.com\/site\/wp-content\/uploads\/2025\/11\/iron_corpse_digital_v2.jpg\" alt=\"\" class=\"wp-image-10359\" srcset=\"https:\/\/www.ironcorpse.com\/site\/wp-content\/uploads\/2025\/11\/iron_corpse_digital_v2.jpg 560w, https:\/\/www.ironcorpse.com\/site\/wp-content\/uploads\/2025\/11\/iron_corpse_digital_v2-300x80.jpg 300w\" sizes=\"auto, (max-width: 560px) 100vw, 560px\" \/><\/a><\/figure>\n\n\n\n<h3 class=\"wp-block-heading\">M\u00c4D\u00c4TYS (Oulu, Finland)<\/h3>\n\n\n\n<div class=\"wp-block-columns is-layout-flex wp-container-core-columns-is-layout-9d6595d7 wp-block-columns-is-layout-flex\">\n<div class=\"wp-block-column is-layout-flow wp-block-column-is-layout-flow\">\n<figure class=\"wp-block-image size-full\"><a href=\"https:\/\/madatys.bandcamp.com\"><img loading=\"lazy\" decoding=\"async\" width=\"512\" height=\"512\" src=\"https:\/\/www.ironcorpse.com\/site\/wp-content\/uploads\/2025\/11\/brand_bandcamp_icon_512.png\" alt=\"\" class=\"wp-image-10328\" srcset=\"https:\/\/www.ironcorpse.com\/site\/wp-content\/uploads\/2025\/11\/brand_bandcamp_icon_512.png 512w, https:\/\/www.ironcorpse.com\/site\/wp-content\/uploads\/2025\/11\/brand_bandcamp_icon_512-300x300.png 300w, https:\/\/www.ironcorpse.com\/site\/wp-content\/uploads\/2025\/11\/brand_bandcamp_icon_512-100x100.png 100w, https:\/\/www.ironcorpse.com\/site\/wp-content\/uploads\/2025\/11\/brand_bandcamp_icon_512-150x150.png 150w\" sizes=\"auto, (max-width: 512px) 100vw, 512px\" \/><\/a><\/figure>\n<\/div>\n\n\n\n<div class=\"wp-block-column is-layout-flow wp-block-column-is-layout-flow\">\n<figure class=\"wp-block-image size-full\"><a href=\"https:\/\/www.instagram.com\/madatysband\/\"><img loading=\"lazy\" decoding=\"async\" width=\"512\" height=\"512\" src=\"https:\/\/www.ironcorpse.com\/site\/wp-content\/uploads\/2025\/11\/brand_instagram_icon_512.png\" alt=\"\" class=\"wp-image-10341\" srcset=\"https:\/\/www.ironcorpse.com\/site\/wp-content\/uploads\/2025\/11\/brand_instagram_icon_512.png 512w, https:\/\/www.ironcorpse.com\/site\/wp-content\/uploads\/2025\/11\/brand_instagram_icon_512-300x300.png 300w, https:\/\/www.ironcorpse.com\/site\/wp-content\/uploads\/2025\/11\/brand_instagram_icon_512-100x100.png 100w, https:\/\/www.ironcorpse.com\/site\/wp-content\/uploads\/2025\/11\/brand_instagram_icon_512-150x150.png 150w\" sizes=\"auto, (max-width: 512px) 100vw, 512px\" \/><\/a><\/figure>\n<\/div>\n\n\n\n<div class=\"wp-block-column is-layout-flow wp-block-column-is-layout-flow\"><\/div>\n<\/div>\n\n\n\n<figure class=\"wp-block-image size-large\"><img loading=\"lazy\" decoding=\"async\" width=\"1024\" height=\"1024\" src=\"https:\/\/www.ironcorpse.com\/site\/wp-content\/uploads\/2025\/12\/ICA-060_madatys_kuolemanulottuvuudet_front_2000px-1024x1024.jpg\" alt=\"\" class=\"wp-image-12049\" srcset=\"https:\/\/www.ironcorpse.com\/site\/wp-content\/uploads\/2025\/12\/ICA-060_madatys_kuolemanulottuvuudet_front_2000px-1024x1024.jpg 1024w, https:\/\/www.ironcorpse.com\/site\/wp-content\/uploads\/2025\/12\/ICA-060_madatys_kuolemanulottuvuudet_front_2000px-300x300.jpg 300w, https:\/\/www.ironcorpse.com\/site\/wp-content\/uploads\/2025\/12\/ICA-060_madatys_kuolemanulottuvuudet_front_2000px-100x100.jpg 100w, https:\/\/www.ironcorpse.com\/site\/wp-content\/uploads\/2025\/12\/ICA-060_madatys_kuolemanulottuvuudet_front_2000px-600x600.jpg 600w, https:\/\/www.ironcorpse.com\/site\/wp-content\/uploads\/2025\/12\/ICA-060_madatys_kuolemanulottuvuudet_front_2000px-150x150.jpg 150w, https:\/\/www.ironcorpse.com\/site\/wp-content\/uploads\/2025\/12\/ICA-060_madatys_kuolemanulottuvuudet_front_2000px-768x768.jpg 768w, https:\/\/www.ironcorpse.com\/site\/wp-content\/uploads\/2025\/12\/ICA-060_madatys_kuolemanulottuvuudet_front_2000px-1536x1536.jpg 1536w, https:\/\/www.ironcorpse.com\/site\/wp-content\/uploads\/2025\/12\/ICA-060_madatys_kuolemanulottuvuudet_front_2000px-1320x1320.jpg 1320w, https:\/\/www.ironcorpse.com\/site\/wp-content\/uploads\/2025\/12\/ICA-060_madatys_kuolemanulottuvuudet_front_2000px.jpg 2000w\" sizes=\"auto, (max-width: 1024px) 100vw, 1024px\" \/><\/figure>\n<\/div>\n\n\n\n<div class=\"wp-block-column is-layout-flow wp-block-column-is-layout-flow\" style=\"flex-basis:66.66%\">\n<p><br><br>IRON CORPSE is honored and proud to announce the debut album of Oulu-born deathdoom band M\u00c4D\u00c4TYS, who released their first and much acclaimed demo back in 2022.<\/p>\n\n\n\n<p>With <em>Kuoleman Ulottuvuudet<\/em> (\u201cDimensions of Death\u201d), M\u00e4d\u00e4tys descend deep into the abyss of Finnish deathdoom. Drawing inspiration from the cold, uncompromising legacy of pioneers like RIPPIKOULU, the band forges a sound that is both crushingly heavy and hauntingly atmospheric.<\/p>\n\n\n\n<p>The album moves at a deliberate, suffocating pace, where cavernous riffs, mournful melodies, and oppressive rhythms collide. Each track feels like a slow march through shadowed realms, balancing raw death metal weight with the solemn, funeral-like doom.<\/p>\n\n\n\n<p><em>Kuoleman Ulottuvuudet<\/em> is not just an album\u2014it\u2019s an experience rooted in the Finnish underground tradition: bleak, honest, and unflinchingly dark. For fans of old-school deathdoom and those who seek depth beyond brutality, M\u00c4D\u00c4TYS deliver a powerful journey into the darkest dimensions of sound.<\/p>\n\n\n\n<p>CD pressing will be released by CALIGARI RECORDS, USA. <\/p>\n\n\n\n<p>FFO: RIPPIKOULU, COFFINS, CIANIDE, MYTHIC&nbsp;<\/p>\n\n\n\n<figure class=\"wp-block-table\"><table class=\"has-fixed-layout\"><tbody><tr><td>CATALOG NUMBER<\/td><td>ICA-060<\/td><\/tr><tr><td>ARTIST<\/td><td>M\u00c4D\u00c4TYS<\/td><\/tr><tr><td>TITLE<\/td><td>Kuoleman Ulottuvuudet<\/td><\/tr><tr><td>RELEASE DATE<\/td><td>6 February 2026<\/td><\/tr><tr><td>FORMAT<\/td><td>LP, CASSETTE, DIGITAL<\/td><\/tr><tr><td>PRESSING<\/td><td>200 black vinyl<br>100 crystal gold vinyl<br>100 cassette<br><\/td><\/tr><\/tbody><\/table><\/figure>\n<\/div>\n<\/div>\n\n\n\n<p><\/p>\n","protected":false},"excerpt":{"rendered":"<p>DIGITAL M\u00c4D\u00c4TYS (Oulu, Finland) IRON CORPSE is honored and proud to announce the debut album of Oulu-born deathdoom band M\u00c4D\u00c4TYS, who released their first and much acclaimed demo back in 2022. With Kuoleman Ulottuvuudet (\u201cDimensions of Death\u201d), M\u00e4d\u00e4tys descend deep into the abyss of Finnish deathdoom. Drawing inspiration from the cold, uncompromising legacy of pioneers like RIPPIKOULU, the band forges a sound that is both crushingly heavy and hauntingly atmospheric. The album moves at a deliberate, suffocating pace, where cavernous&#8230;<\/p>\n","protected":false},"author":1,"featured_media":0,"parent":226,"menu_order":0,"comment_status":"closed","ping_status":"closed","template":"","meta":{"footnotes":""},"class_list":["post-12046","page","type-page","status-publish","hentry"],"_links":{"self":[{"href":"https:\/\/www.ironcorpse.com\/site\/wp-json\/wp\/v2\/pages\/12046","targetHints":{"allow":["GET"]}}],"collection":[{"href":"https:\/\/www.ironcorpse.com\/site\/wp-json\/wp\/v2\/pages"}],"about":[{"href":"https:\/\/www.ironcorpse.com\/site\/wp-json\/wp\/v2\/types\/page"}],"author":[{"embeddable":true,"href":"https:\/\/www.ironcorpse.com\/site\/wp-json\/wp\/v2\/users\/1"}],"replies":[{"embeddable":true,"href":"https:\/\/www.ironcorpse.com\/site\/wp-json\/wp\/v2\/comments?post=12046"}],"version-history":[{"count":8,"href":"https:\/\/www.ironcorpse.com\/site\/wp-json\/wp\/v2\/pages\/12046\/revisions"}],"predecessor-version":[{"id":14072,"href":"https:\/\/www.ironcorpse.com\/site\/wp-json\/wp\/v2\/pages\/12046\/revisions\/14072"}],"up":[{"embeddable":true,"href":"https:\/\/www.ironcorpse.com\/site\/wp-json\/wp\/v2\/pages\/226"}],"wp:attachment":[{"href":"https:\/\/www.ironcorpse.com\/site\/wp-json\/wp\/v2\/media?parent=12046"}],"curies":[{"name":"wp","href":"https:\/\/api.w.org\/{rel}","templated":true}]}}