{"id":2313,"date":"2024-01-22T17:13:35","date_gmt":"2024-01-22T14:13:35","guid":{"rendered":"https:\/\/www.ironcorpse.com\/?page_id=2313"},"modified":"2025-03-11T22:43:57","modified_gmt":"2025-03-11T19:43:57","slug":"ica-031-madatys-demo-2022-cassette","status":"publish","type":"page","link":"https:\/\/www.ironcorpse.com\/site\/iron-corpse-productions\/ica-031-madatys-demo-2022-cassette\/","title":{"rendered":"ICA-031: M\u00c4D\u00c4TYS &#8220;Demo 2022&#8221; CASSETTE"},"content":{"rendered":"\n<div class=\"wp-block-columns is-layout-flex wp-container-core-columns-is-layout-9d6595d7 wp-block-columns-is-layout-flex\">\n<div class=\"wp-block-column is-layout-flow wp-block-column-is-layout-flow\" style=\"flex-basis:33.33%\">\n<figure class=\"wp-block-image size-large\"><img loading=\"lazy\" decoding=\"async\" width=\"1024\" height=\"1024\" src=\"https:\/\/www.ironcorpse.com\/site\/wp-content\/uploads\/2024\/02\/ICA-031_madatys_release_insta-woo-1024x1024.jpg\" alt=\"\" class=\"wp-image-2593\" srcset=\"https:\/\/www.ironcorpse.com\/site\/wp-content\/uploads\/2024\/02\/ICA-031_madatys_release_insta-woo-1024x1024.jpg 1024w, https:\/\/www.ironcorpse.com\/site\/wp-content\/uploads\/2024\/02\/ICA-031_madatys_release_insta-woo-300x300.jpg 300w, https:\/\/www.ironcorpse.com\/site\/wp-content\/uploads\/2024\/02\/ICA-031_madatys_release_insta-woo-100x100.jpg 100w, https:\/\/www.ironcorpse.com\/site\/wp-content\/uploads\/2024\/02\/ICA-031_madatys_release_insta-woo-600x600.jpg 600w, https:\/\/www.ironcorpse.com\/site\/wp-content\/uploads\/2024\/02\/ICA-031_madatys_release_insta-woo-150x150.jpg 150w, https:\/\/www.ironcorpse.com\/site\/wp-content\/uploads\/2024\/02\/ICA-031_madatys_release_insta-woo-768x768.jpg 768w, https:\/\/www.ironcorpse.com\/site\/wp-content\/uploads\/2024\/02\/ICA-031_madatys_release_insta-woo.jpg 1300w\" sizes=\"auto, (max-width: 1024px) 100vw, 1024px\" \/><\/figure>\n\n\n\n<figure class=\"wp-block-image size-large\"><img loading=\"lazy\" decoding=\"async\" width=\"1024\" height=\"1024\" src=\"https:\/\/www.ironcorpse.com\/site\/wp-content\/uploads\/2024\/02\/ICA-031_madatys_release_insta_green-woo-1024x1024.jpg\" alt=\"\" class=\"wp-image-2583\" srcset=\"https:\/\/www.ironcorpse.com\/site\/wp-content\/uploads\/2024\/02\/ICA-031_madatys_release_insta_green-woo-1024x1024.jpg 1024w, https:\/\/www.ironcorpse.com\/site\/wp-content\/uploads\/2024\/02\/ICA-031_madatys_release_insta_green-woo-300x300.jpg 300w, https:\/\/www.ironcorpse.com\/site\/wp-content\/uploads\/2024\/02\/ICA-031_madatys_release_insta_green-woo-100x100.jpg 100w, https:\/\/www.ironcorpse.com\/site\/wp-content\/uploads\/2024\/02\/ICA-031_madatys_release_insta_green-woo-600x600.jpg 600w, https:\/\/www.ironcorpse.com\/site\/wp-content\/uploads\/2024\/02\/ICA-031_madatys_release_insta_green-woo-150x150.jpg 150w, https:\/\/www.ironcorpse.com\/site\/wp-content\/uploads\/2024\/02\/ICA-031_madatys_release_insta_green-woo-768x768.jpg 768w, https:\/\/www.ironcorpse.com\/site\/wp-content\/uploads\/2024\/02\/ICA-031_madatys_release_insta_green-woo.jpg 1300w\" sizes=\"auto, (max-width: 1024px) 100vw, 1024px\" \/><\/figure>\n\n\n\n<figure class=\"wp-block-image size-large\"><img loading=\"lazy\" decoding=\"async\" width=\"1024\" height=\"1024\" src=\"https:\/\/www.ironcorpse.com\/site\/wp-content\/uploads\/2024\/03\/ICA-031_madatys_green_bandcamp-1024x1024.jpg\" alt=\"\" class=\"wp-image-2888\" srcset=\"https:\/\/www.ironcorpse.com\/site\/wp-content\/uploads\/2024\/03\/ICA-031_madatys_green_bandcamp-1024x1024.jpg 1024w, https:\/\/www.ironcorpse.com\/site\/wp-content\/uploads\/2024\/03\/ICA-031_madatys_green_bandcamp-300x300.jpg 300w, https:\/\/www.ironcorpse.com\/site\/wp-content\/uploads\/2024\/03\/ICA-031_madatys_green_bandcamp-100x100.jpg 100w, https:\/\/www.ironcorpse.com\/site\/wp-content\/uploads\/2024\/03\/ICA-031_madatys_green_bandcamp-600x600.jpg 600w, https:\/\/www.ironcorpse.com\/site\/wp-content\/uploads\/2024\/03\/ICA-031_madatys_green_bandcamp-150x150.jpg 150w, https:\/\/www.ironcorpse.com\/site\/wp-content\/uploads\/2024\/03\/ICA-031_madatys_green_bandcamp-768x768.jpg 768w, https:\/\/www.ironcorpse.com\/site\/wp-content\/uploads\/2024\/03\/ICA-031_madatys_green_bandcamp.jpg 1300w\" sizes=\"auto, (max-width: 1024px) 100vw, 1024px\" \/><\/figure>\n\n\n\n<figure class=\"wp-block-image size-large\"><img loading=\"lazy\" decoding=\"async\" width=\"1024\" height=\"1024\" src=\"https:\/\/www.ironcorpse.com\/site\/wp-content\/uploads\/2024\/03\/ICA-031_madatys_green_product1-1024x1024.jpg\" alt=\"\" class=\"wp-image-2901\" srcset=\"https:\/\/www.ironcorpse.com\/site\/wp-content\/uploads\/2024\/03\/ICA-031_madatys_green_product1-1024x1024.jpg 1024w, https:\/\/www.ironcorpse.com\/site\/wp-content\/uploads\/2024\/03\/ICA-031_madatys_green_product1-300x300.jpg 300w, https:\/\/www.ironcorpse.com\/site\/wp-content\/uploads\/2024\/03\/ICA-031_madatys_green_product1-100x100.jpg 100w, https:\/\/www.ironcorpse.com\/site\/wp-content\/uploads\/2024\/03\/ICA-031_madatys_green_product1-600x600.jpg 600w, https:\/\/www.ironcorpse.com\/site\/wp-content\/uploads\/2024\/03\/ICA-031_madatys_green_product1-150x150.jpg 150w, https:\/\/www.ironcorpse.com\/site\/wp-content\/uploads\/2024\/03\/ICA-031_madatys_green_product1-768x768.jpg 768w, https:\/\/www.ironcorpse.com\/site\/wp-content\/uploads\/2024\/03\/ICA-031_madatys_green_product1-1536x1536.jpg 1536w, https:\/\/www.ironcorpse.com\/site\/wp-content\/uploads\/2024\/03\/ICA-031_madatys_green_product1.jpg 1772w\" sizes=\"auto, (max-width: 1024px) 100vw, 1024px\" \/><\/figure>\n<\/div>\n\n\n\n<div class=\"wp-block-column is-layout-flow wp-block-column-is-layout-flow\" style=\"flex-basis:66.66%\">\n<p>From Oulu, Finland lurks M\u00c4D\u00c4TYS in the slimiest corners of deathdoom. Their primitive flailing is influenced by the likes of CELTIC FROST, RIPPIKOULU, MYTHIC and CIANIDE, among others. The lyrics, completely in Finnish, seek new angles on the genre traditions of violence, death and horror. Recorded live on cassette tape in Oulu.<\/p>\n\n\n\n<p>TRACKLIST<\/p>\n\n\n\n<ul class=\"wp-block-list\">\n<li>M\u00e4d\u00e4tys<\/li>\n\n\n\n<li>Hy\u00f6dyt\u00f6n Lihapussi<\/li>\n\n\n\n<li>Vihan Siemen<\/li>\n\n\n\n<li>Hengen Voitto Lihasta<\/li>\n<\/ul>\n\n\n\n<h3 class=\"wp-block-heading\"><strong>FIRST PRESSING<\/strong><\/h3>\n\n\n\n<p>Release date: 2. February 2023<\/p>\n\n\n\n<ul class=\"wp-block-list\">\n<li>edition of 100 copies <\/li>\n\n\n\n<li>pro-dubbed clear shell with sticker labels<\/li>\n\n\n\n<li>350 g\/m2 printed j-card<\/li>\n<\/ul>\n\n\n\n<h3 class=\"wp-block-heading\"><strong>SECOND PRESSING<\/strong><\/h3>\n\n\n\n<p>Release date: 1st March 2024<\/p>\n\n\n\n<ul class=\"wp-block-list\">\n<li>edition of 100 copies<\/li>\n\n\n\n<li>pro-dubbed clear shell with sticker labels<\/li>\n\n\n\n<li>350 g\/m2 printed j-card<\/li>\n<\/ul>\n\n\n\n<figure class=\"wp-block-embed is-type-video is-provider-youtube wp-block-embed-youtube wp-embed-aspect-16-9 wp-has-aspect-ratio\"><div class=\"wp-block-embed__wrapper\">\n<iframe loading=\"lazy\" title=\"M\u00c4D\u00c4TYS &quot;Hy\u00f6dyt\u00f6n Lihapussi&quot; (&quot;DEMO 2022&quot; out 2nd February 2023)\" width=\"500\" height=\"281\" src=\"https:\/\/www.youtube.com\/embed\/eVpmJIPb-AI?feature=oembed\" frameborder=\"0\" allow=\"accelerometer; autoplay; clipboard-write; encrypted-media; gyroscope; picture-in-picture; web-share\" referrerpolicy=\"strict-origin-when-cross-origin\" allowfullscreen><\/iframe>\n<\/div><\/figure>\n<\/div>\n<\/div>\n\n\n\n<div class=\"wp-block-columns is-layout-flex wp-container-core-columns-is-layout-9d6595d7 wp-block-columns-is-layout-flex\">\n<div class=\"wp-block-column is-layout-flow wp-block-column-is-layout-flow\" style=\"flex-basis:33.33%\"><\/div>\n\n\n\n<div class=\"wp-block-column is-layout-flow wp-block-column-is-layout-flow\" style=\"flex-basis:66.66%\"><\/div>\n<\/div>\n","protected":false},"excerpt":{"rendered":"<p>From Oulu, Finland lurks M\u00c4D\u00c4TYS in the slimiest corners of deathdoom. Their primitive flailing is influenced by the likes of CELTIC FROST, RIPPIKOULU, MYTHIC and CIANIDE, among others. The lyrics, completely in Finnish, seek new angles on the genre traditions of violence, death and horror. Recorded live on cassette tape in Oulu. TRACKLIST FIRST PRESSING Release date: 2. February 2023 SECOND PRESSING Release date: 1st March 2024<\/p>\n","protected":false},"author":1,"featured_media":0,"parent":226,"menu_order":0,"comment_status":"closed","ping_status":"closed","template":"","meta":{"footnotes":""},"class_list":["post-2313","page","type-page","status-publish","hentry"],"_links":{"self":[{"href":"https:\/\/www.ironcorpse.com\/site\/wp-json\/wp\/v2\/pages\/2313","targetHints":{"allow":["GET"]}}],"collection":[{"href":"https:\/\/www.ironcorpse.com\/site\/wp-json\/wp\/v2\/pages"}],"about":[{"href":"https:\/\/www.ironcorpse.com\/site\/wp-json\/wp\/v2\/types\/page"}],"author":[{"embeddable":true,"href":"https:\/\/www.ironcorpse.com\/site\/wp-json\/wp\/v2\/users\/1"}],"replies":[{"embeddable":true,"href":"https:\/\/www.ironcorpse.com\/site\/wp-json\/wp\/v2\/comments?post=2313"}],"version-history":[{"count":9,"href":"https:\/\/www.ironcorpse.com\/site\/wp-json\/wp\/v2\/pages\/2313\/revisions"}],"predecessor-version":[{"id":5858,"href":"https:\/\/www.ironcorpse.com\/site\/wp-json\/wp\/v2\/pages\/2313\/revisions\/5858"}],"up":[{"embeddable":true,"href":"https:\/\/www.ironcorpse.com\/site\/wp-json\/wp\/v2\/pages\/226"}],"wp:attachment":[{"href":"https:\/\/www.ironcorpse.com\/site\/wp-json\/wp\/v2\/media?parent=2313"}],"curies":[{"name":"wp","href":"https:\/\/api.w.org\/{rel}","templated":true}]}}