{"id":6050,"date":"2025-03-14T17:06:58","date_gmt":"2025-03-14T14:06:58","guid":{"rendered":"https:\/\/www.ironcorpse.com\/?page_id=6050"},"modified":"2025-11-19T10:58:38","modified_gmt":"2025-11-19T07:58:38","slug":"ica-048-gorefixion-abysmal-halls-of-death-cassette","status":"publish","type":"page","link":"https:\/\/www.ironcorpse.com\/site\/iron-corpse-productions\/ica-048-gorefixion-abysmal-halls-of-death-cassette\/","title":{"rendered":"ICA-048: GOREFIXION &#8220;Abysmal Halls Of Death&#8221; CASSETTE \/ DIGI"},"content":{"rendered":"\n<div class=\"wp-block-columns is-layout-flex wp-container-core-columns-is-layout-9d6595d7 wp-block-columns-is-layout-flex\">\n<div class=\"wp-block-column is-layout-flow wp-block-column-is-layout-flow\">\n<figure class=\"wp-block-image size-large\"><img loading=\"lazy\" decoding=\"async\" width=\"1024\" height=\"1024\" src=\"https:\/\/www.ironcorpse.com\/site\/wp-content\/uploads\/2025\/02\/ICA-048_gorefixion_release-woo-2-1024x1024.jpg\" alt=\"\" class=\"wp-image-5971\" srcset=\"https:\/\/www.ironcorpse.com\/site\/wp-content\/uploads\/2025\/02\/ICA-048_gorefixion_release-woo-2-1024x1024.jpg 1024w, https:\/\/www.ironcorpse.com\/site\/wp-content\/uploads\/2025\/02\/ICA-048_gorefixion_release-woo-2-300x300.jpg 300w, https:\/\/www.ironcorpse.com\/site\/wp-content\/uploads\/2025\/02\/ICA-048_gorefixion_release-woo-2-100x100.jpg 100w, https:\/\/www.ironcorpse.com\/site\/wp-content\/uploads\/2025\/02\/ICA-048_gorefixion_release-woo-2-600x600.jpg 600w, https:\/\/www.ironcorpse.com\/site\/wp-content\/uploads\/2025\/02\/ICA-048_gorefixion_release-woo-2-150x150.jpg 150w, https:\/\/www.ironcorpse.com\/site\/wp-content\/uploads\/2025\/02\/ICA-048_gorefixion_release-woo-2-768x769.jpg 768w, https:\/\/www.ironcorpse.com\/site\/wp-content\/uploads\/2025\/02\/ICA-048_gorefixion_release-woo-2.jpg 1299w\" sizes=\"auto, (max-width: 1024px) 100vw, 1024px\" \/><\/figure>\n<\/div>\n\n\n\n<div class=\"wp-block-column is-layout-flow wp-block-column-is-layout-flow\">\n<figure class=\"wp-block-image size-large\"><img loading=\"lazy\" decoding=\"async\" width=\"1024\" height=\"1024\" src=\"https:\/\/www.ironcorpse.com\/site\/wp-content\/uploads\/2025\/11\/ICA-048_gorefixion_mockup_set-1024x1024.jpg\" alt=\"\" class=\"wp-image-10390\" srcset=\"https:\/\/www.ironcorpse.com\/site\/wp-content\/uploads\/2025\/11\/ICA-048_gorefixion_mockup_set-1024x1024.jpg 1024w, https:\/\/www.ironcorpse.com\/site\/wp-content\/uploads\/2025\/11\/ICA-048_gorefixion_mockup_set-300x300.jpg 300w, https:\/\/www.ironcorpse.com\/site\/wp-content\/uploads\/2025\/11\/ICA-048_gorefixion_mockup_set-100x100.jpg 100w, https:\/\/www.ironcorpse.com\/site\/wp-content\/uploads\/2025\/11\/ICA-048_gorefixion_mockup_set-600x600.jpg 600w, https:\/\/www.ironcorpse.com\/site\/wp-content\/uploads\/2025\/11\/ICA-048_gorefixion_mockup_set-150x150.jpg 150w, https:\/\/www.ironcorpse.com\/site\/wp-content\/uploads\/2025\/11\/ICA-048_gorefixion_mockup_set-768x768.jpg 768w, https:\/\/www.ironcorpse.com\/site\/wp-content\/uploads\/2025\/11\/ICA-048_gorefixion_mockup_set.jpg 1300w\" sizes=\"auto, (max-width: 1024px) 100vw, 1024px\" \/><\/figure>\n<\/div>\n\n\n\n<div class=\"wp-block-column is-layout-flow wp-block-column-is-layout-flow\">\n<figure class=\"wp-block-image size-large\"><img loading=\"lazy\" decoding=\"async\" width=\"1024\" height=\"1024\" src=\"https:\/\/www.ironcorpse.com\/site\/wp-content\/uploads\/2025\/02\/ICA-048_gorefixion_cassettes_1300px-1024x1024.jpg\" alt=\"\" class=\"wp-image-5484\" srcset=\"https:\/\/www.ironcorpse.com\/site\/wp-content\/uploads\/2025\/02\/ICA-048_gorefixion_cassettes_1300px-1024x1024.jpg 1024w, https:\/\/www.ironcorpse.com\/site\/wp-content\/uploads\/2025\/02\/ICA-048_gorefixion_cassettes_1300px-300x300.jpg 300w, https:\/\/www.ironcorpse.com\/site\/wp-content\/uploads\/2025\/02\/ICA-048_gorefixion_cassettes_1300px-100x100.jpg 100w, https:\/\/www.ironcorpse.com\/site\/wp-content\/uploads\/2025\/02\/ICA-048_gorefixion_cassettes_1300px-600x600.jpg 600w, https:\/\/www.ironcorpse.com\/site\/wp-content\/uploads\/2025\/02\/ICA-048_gorefixion_cassettes_1300px-150x150.jpg 150w, https:\/\/www.ironcorpse.com\/site\/wp-content\/uploads\/2025\/02\/ICA-048_gorefixion_cassettes_1300px-768x768.jpg 768w, https:\/\/www.ironcorpse.com\/site\/wp-content\/uploads\/2025\/02\/ICA-048_gorefixion_cassettes_1300px.jpg 1300w\" sizes=\"auto, (max-width: 1024px) 100vw, 1024px\" \/><\/figure>\n<\/div>\n\n\n\n<div class=\"wp-block-column is-layout-flow wp-block-column-is-layout-flow\">\n<figure class=\"wp-block-image size-large\"><img loading=\"lazy\" decoding=\"async\" width=\"1024\" height=\"1024\" src=\"https:\/\/www.ironcorpse.com\/site\/wp-content\/uploads\/2025\/03\/ICA-048_gorefixion_bandcamp_1400px-1024x1024.jpg\" alt=\"\" class=\"wp-image-6051\" srcset=\"https:\/\/www.ironcorpse.com\/site\/wp-content\/uploads\/2025\/03\/ICA-048_gorefixion_bandcamp_1400px-1024x1024.jpg 1024w, https:\/\/www.ironcorpse.com\/site\/wp-content\/uploads\/2025\/03\/ICA-048_gorefixion_bandcamp_1400px-300x300.jpg 300w, https:\/\/www.ironcorpse.com\/site\/wp-content\/uploads\/2025\/03\/ICA-048_gorefixion_bandcamp_1400px-100x100.jpg 100w, https:\/\/www.ironcorpse.com\/site\/wp-content\/uploads\/2025\/03\/ICA-048_gorefixion_bandcamp_1400px-600x600.jpg 600w, https:\/\/www.ironcorpse.com\/site\/wp-content\/uploads\/2025\/03\/ICA-048_gorefixion_bandcamp_1400px-150x150.jpg 150w, https:\/\/www.ironcorpse.com\/site\/wp-content\/uploads\/2025\/03\/ICA-048_gorefixion_bandcamp_1400px-768x768.jpg 768w, https:\/\/www.ironcorpse.com\/site\/wp-content\/uploads\/2025\/03\/ICA-048_gorefixion_bandcamp_1400px-1320x1320.jpg 1320w, https:\/\/www.ironcorpse.com\/site\/wp-content\/uploads\/2025\/03\/ICA-048_gorefixion_bandcamp_1400px.jpg 1400w\" sizes=\"auto, (max-width: 1024px) 100vw, 1024px\" \/><\/figure>\n<\/div>\n<\/div>\n\n\n\n<div class=\"wp-block-columns is-layout-flex wp-container-core-columns-is-layout-9d6595d7 wp-block-columns-is-layout-flex\">\n<div class=\"wp-block-column is-layout-flow wp-block-column-is-layout-flow\" style=\"flex-basis:33.33%\">\n<h3 class=\"wp-block-heading\">DIGITAL<\/h3>\n\n\n\n<figure class=\"wp-block-image size-full\"><a href=\"https:\/\/ironcorpse.bandcamp.com\/album\/abysmal-halls-of-death\"><img loading=\"lazy\" decoding=\"async\" width=\"560\" height=\"150\" src=\"https:\/\/www.ironcorpse.com\/site\/wp-content\/uploads\/2025\/11\/iron_corpse_digital_v2.jpg\" alt=\"\" class=\"wp-image-10359\" srcset=\"https:\/\/www.ironcorpse.com\/site\/wp-content\/uploads\/2025\/11\/iron_corpse_digital_v2.jpg 560w, https:\/\/www.ironcorpse.com\/site\/wp-content\/uploads\/2025\/11\/iron_corpse_digital_v2-300x80.jpg 300w\" sizes=\"auto, (max-width: 560px) 100vw, 560px\" \/><\/a><\/figure>\n\n\n\n<h3 class=\"wp-block-heading\">GOREFIXION (Helsinki, Finland)<\/h3>\n\n\n\n<div class=\"wp-block-columns is-layout-flex wp-container-core-columns-is-layout-9d6595d7 wp-block-columns-is-layout-flex\">\n<div class=\"wp-block-column is-layout-flow wp-block-column-is-layout-flow\">\n<figure class=\"wp-block-image size-full\"><a href=\"https:\/\/gorefixion.bandcamp.com\/album\/abysmal-halls-of-death\"><img loading=\"lazy\" decoding=\"async\" width=\"512\" height=\"512\" src=\"https:\/\/www.ironcorpse.com\/site\/wp-content\/uploads\/2025\/11\/brand_bandcamp_icon_512.png\" alt=\"\" class=\"wp-image-10328\" srcset=\"https:\/\/www.ironcorpse.com\/site\/wp-content\/uploads\/2025\/11\/brand_bandcamp_icon_512.png 512w, https:\/\/www.ironcorpse.com\/site\/wp-content\/uploads\/2025\/11\/brand_bandcamp_icon_512-300x300.png 300w, https:\/\/www.ironcorpse.com\/site\/wp-content\/uploads\/2025\/11\/brand_bandcamp_icon_512-100x100.png 100w, https:\/\/www.ironcorpse.com\/site\/wp-content\/uploads\/2025\/11\/brand_bandcamp_icon_512-150x150.png 150w\" sizes=\"auto, (max-width: 512px) 100vw, 512px\" \/><\/a><\/figure>\n<\/div>\n\n\n\n<div class=\"wp-block-column is-layout-flow wp-block-column-is-layout-flow\">\n<figure class=\"wp-block-image size-full\"><a href=\"https:\/\/www.instagram.com\/gorefixion\/\"><img loading=\"lazy\" decoding=\"async\" width=\"512\" height=\"512\" src=\"https:\/\/www.ironcorpse.com\/site\/wp-content\/uploads\/2025\/11\/brand_instagram_icon_512.png\" alt=\"\" class=\"wp-image-10341\" srcset=\"https:\/\/www.ironcorpse.com\/site\/wp-content\/uploads\/2025\/11\/brand_instagram_icon_512.png 512w, https:\/\/www.ironcorpse.com\/site\/wp-content\/uploads\/2025\/11\/brand_instagram_icon_512-300x300.png 300w, https:\/\/www.ironcorpse.com\/site\/wp-content\/uploads\/2025\/11\/brand_instagram_icon_512-100x100.png 100w, https:\/\/www.ironcorpse.com\/site\/wp-content\/uploads\/2025\/11\/brand_instagram_icon_512-150x150.png 150w\" sizes=\"auto, (max-width: 512px) 100vw, 512px\" \/><\/a><\/figure>\n<\/div>\n\n\n\n<div class=\"wp-block-column is-layout-flow wp-block-column-is-layout-flow\"><\/div>\n<\/div>\n<\/div>\n\n\n\n<div class=\"wp-block-column is-layout-flow wp-block-column-is-layout-flow\" style=\"flex-basis:66.66%\">\n<p>Summoning unholy powers from the first couple CANNIBAL CORPSE albums and adding a strong touch of contemporary scent of purulence in the vein of 200 STAB WOUNDS, BODYBOX, and SANGUISUGABOGG, these 4 tracks are ungodly and profane demonstrations of gorefilled acts of death. Humanity is butchered and gutted with a hook in the halls of abysmal death. The mastermind behind GOREFIXION is Eemil Lajoma, vocalist\/guitarist of CRYPTIC HATRED, with additional help from Juuso H\u00e4m\u00e4l\u00e4inen of fellow Helsinki death vipers AZATOTH. Witness the grotesque separation of flesh.<\/p>\n\n\n\n<figure class=\"wp-block-table\"><table class=\"has-fixed-layout\"><tbody><tr><td>CATALOG NUMBER<\/td><td>ICA-048<\/td><\/tr><tr><td>ARTIST<\/td><td>GOREFIXION<\/td><\/tr><tr><td>TITLE<\/td><td>Abysmal Halls Of Death<\/td><\/tr><tr><td>RELEASE DATE<\/td><td>27 February 2025<\/td><\/tr><tr><td>FORMAT<\/td><td>CASSETTE, DIGITAL<\/td><\/tr><tr><td>PRESSING<\/td><td>40 transparent shell with sticker label<\/td><\/tr><\/tbody><\/table><\/figure>\n\n\n\n<p><\/p>\n<\/div>\n<\/div>\n\n\n\n<figure class=\"wp-block-embed is-type-video is-provider-youtube wp-block-embed-youtube wp-embed-aspect-16-9 wp-has-aspect-ratio\"><div class=\"wp-block-embed__wrapper\">\n<iframe loading=\"lazy\" title=\"GOREFIXON &quot;Gutted With A Hook&quot; (&quot;Abysmal Halls Of Death&quot; CASSETTE OUT SOON)\" width=\"500\" height=\"281\" src=\"https:\/\/www.youtube.com\/embed\/gYkqtnKCeCI?feature=oembed\" frameborder=\"0\" allow=\"accelerometer; autoplay; clipboard-write; encrypted-media; gyroscope; picture-in-picture; web-share\" referrerpolicy=\"strict-origin-when-cross-origin\" allowfullscreen><\/iframe>\n<\/div><\/figure>\n","protected":false},"excerpt":{"rendered":"<p>DIGITAL GOREFIXION (Helsinki, Finland) Summoning unholy powers from the first couple CANNIBAL CORPSE albums and adding a strong touch of contemporary scent of purulence in the vein of 200 STAB WOUNDS, BODYBOX, and SANGUISUGABOGG, these 4 tracks are ungodly and profane demonstrations of gorefilled acts of death. Humanity is butchered and gutted with a hook in the halls of abysmal death. The mastermind behind GOREFIXION is Eemil Lajoma, vocalist\/guitarist of CRYPTIC HATRED, with additional help from Juuso H\u00e4m\u00e4l\u00e4inen of fellow&#8230;<\/p>\n","protected":false},"author":1,"featured_media":0,"parent":226,"menu_order":0,"comment_status":"closed","ping_status":"closed","template":"","meta":{"footnotes":""},"class_list":["post-6050","page","type-page","status-publish","hentry"],"_links":{"self":[{"href":"https:\/\/www.ironcorpse.com\/site\/wp-json\/wp\/v2\/pages\/6050","targetHints":{"allow":["GET"]}}],"collection":[{"href":"https:\/\/www.ironcorpse.com\/site\/wp-json\/wp\/v2\/pages"}],"about":[{"href":"https:\/\/www.ironcorpse.com\/site\/wp-json\/wp\/v2\/types\/page"}],"author":[{"embeddable":true,"href":"https:\/\/www.ironcorpse.com\/site\/wp-json\/wp\/v2\/users\/1"}],"replies":[{"embeddable":true,"href":"https:\/\/www.ironcorpse.com\/site\/wp-json\/wp\/v2\/comments?post=6050"}],"version-history":[{"count":5,"href":"https:\/\/www.ironcorpse.com\/site\/wp-json\/wp\/v2\/pages\/6050\/revisions"}],"predecessor-version":[{"id":10511,"href":"https:\/\/www.ironcorpse.com\/site\/wp-json\/wp\/v2\/pages\/6050\/revisions\/10511"}],"up":[{"embeddable":true,"href":"https:\/\/www.ironcorpse.com\/site\/wp-json\/wp\/v2\/pages\/226"}],"wp:attachment":[{"href":"https:\/\/www.ironcorpse.com\/site\/wp-json\/wp\/v2\/media?parent=6050"}],"curies":[{"name":"wp","href":"https:\/\/api.w.org\/{rel}","templated":true}]}}