{"id":12204,"date":"2025-12-26T08:00:20","date_gmt":"2025-12-26T05:00:20","guid":{"rendered":"https:\/\/www.ironcorpse.com\/site\/store\/lotkojen-yo-t-shirt-black-s-5xl-print-on-demand\/"},"modified":"2026-01-26T22:46:29","modified_gmt":"2026-01-26T19:46:29","slug":"lotkojen-yo-t-shirt-black-s-5xl-print-on-demand","status":"publish","type":"product","link":"https:\/\/www.ironcorpse.com\/site\/store\/lotkojen-yo-t-shirt-black-s-5xl-print-on-demand\/","title":{"rendered":"L\u00d6TK\u00d6JEN Y\u00d6 T-SHIRT BLACK (S-5XL) (ON DEMAND)"},"content":{"rendered":"<p>This product is made to order and shipped by a third party manufacturer. Shipping for this item is billed separately from other in-stock items.<\/p>\n<p>&bull; Gildan Heavy t-shirt<br \/>&bull; DTG printed shirt<br \/>&bull; Do not tumble dry<\/p>\n","protected":false},"excerpt":{"rendered":"<p>This product is made to order and shipped by a third party manufacturer. Shipping for this item is billed separately from other in-stock items. &bull; Gildan Heavy t-shirt&bull; DTG printed shirt&bull; Do not tumble dry<\/p>\n","protected":false},"featured_media":12951,"template":"","meta":[],"product_brand":[],"product_cat":[1123],"product_tag":[1151,1150,1147,1148,1140,1153,1152],"berocket_brand":[],"class_list":{"0":"post-12204","1":"product","2":"type-product","3":"status-publish","4":"has-post-thumbnail","6":"product_cat-finnish-movies","7":"product_tag-b-horror","8":"product_tag-b-movies","9":"product_tag-finnish-horror","10":"product_tag-finnish-movies","11":"product_tag-horror","12":"product_tag-lotkojen-yo","13":"product_tag-night-of-the-creeps","15":"first","16":"instock","17":"taxable","18":"shipping-taxable","19":"purchasable","20":"product-type-variable","21":"has-default-attributes"},"_links":{"self":[{"href":"https:\/\/www.ironcorpse.com\/site\/wp-json\/wp\/v2\/product\/12204","targetHints":{"allow":["GET"]}}],"collection":[{"href":"https:\/\/www.ironcorpse.com\/site\/wp-json\/wp\/v2\/product"}],"about":[{"href":"https:\/\/www.ironcorpse.com\/site\/wp-json\/wp\/v2\/types\/product"}],"wp:featuredmedia":[{"embeddable":true,"href":"https:\/\/www.ironcorpse.com\/site\/wp-json\/wp\/v2\/media\/12951"}],"wp:attachment":[{"href":"https:\/\/www.ironcorpse.com\/site\/wp-json\/wp\/v2\/media?parent=12204"}],"wp:term":[{"taxonomy":"product_brand","embeddable":true,"href":"https:\/\/www.ironcorpse.com\/site\/wp-json\/wp\/v2\/product_brand?post=12204"},{"taxonomy":"product_cat","embeddable":true,"href":"https:\/\/www.ironcorpse.com\/site\/wp-json\/wp\/v2\/product_cat?post=12204"},{"taxonomy":"product_tag","embeddable":true,"href":"https:\/\/www.ironcorpse.com\/site\/wp-json\/wp\/v2\/product_tag?post=12204"},{"taxonomy":"berocket_brand","embeddable":true,"href":"https:\/\/www.ironcorpse.com\/site\/wp-json\/wp\/v2\/berocket_brand?post=12204"}],"curies":[{"name":"wp","href":"https:\/\/api.w.org\/{rel}","templated":true}]}}