{"id":3170,"date":"2026-01-16T08:55:50","date_gmt":"2026-01-16T05:55:50","guid":{"rendered":"https:\/\/www.ironcorpse.com\/?post_type=product&#038;p=3170"},"modified":"2026-01-16T12:36:44","modified_gmt":"2026-01-16T09:36:44","slug":"madatys-matapuu-t-shirt-size-2xl","status":"publish","type":"product","link":"https:\/\/www.ironcorpse.com\/site\/store\/madatys-matapuu-t-shirt-size-2xl\/","title":{"rendered":"M\u00c4D\u00c4TYS &#8220;M\u00e4t\u00e4puu&#8221; T-SHIRT size 2XL"},"content":{"rendered":"","protected":false},"excerpt":{"rendered":"<p>New &#8220;M\u00e4t\u00e4puu&#8221; artwork by Jussi Pohjanen. Three color frontprint; light grey, dark grey and black on black shirt.<\/p>\n<li>Super high quality t-shirt<\/li>\n<li>Thick 205 g\/m2 100% cotton material<\/li>\n<li>Screen printed in the EU<\/li>\n<li>Frontprint with three color ink<\/li>\n<li>Iron Corpse neckprint<\/li>\n<li>Packed individually in polybags<\/li>\n","protected":false},"featured_media":13465,"template":"","meta":[],"product_brand":[],"product_cat":[20,1124,210],"product_tag":[457,622,51,213],"berocket_brand":[],"class_list":{"0":"post-3170","1":"product","2":"type-product","3":"status-publish","4":"has-post-thumbnail","6":"product_cat-iron-corpse-merch-in-stock","7":"product_cat-north-america-instock-merch-with-tariffs","8":"product_cat-merch-shirts","9":"product_tag-iron-corpse","10":"product_tag-madatys","11":"product_tag-size-2xl","12":"product_tag-t-shirt","14":"first","15":"instock","16":"taxable","17":"shipping-taxable","18":"purchasable","19":"product-type-simple"},"_links":{"self":[{"href":"https:\/\/www.ironcorpse.com\/site\/wp-json\/wp\/v2\/product\/3170","targetHints":{"allow":["GET"]}}],"collection":[{"href":"https:\/\/www.ironcorpse.com\/site\/wp-json\/wp\/v2\/product"}],"about":[{"href":"https:\/\/www.ironcorpse.com\/site\/wp-json\/wp\/v2\/types\/product"}],"wp:featuredmedia":[{"embeddable":true,"href":"https:\/\/www.ironcorpse.com\/site\/wp-json\/wp\/v2\/media\/13465"}],"wp:attachment":[{"href":"https:\/\/www.ironcorpse.com\/site\/wp-json\/wp\/v2\/media?parent=3170"}],"wp:term":[{"taxonomy":"product_brand","embeddable":true,"href":"https:\/\/www.ironcorpse.com\/site\/wp-json\/wp\/v2\/product_brand?post=3170"},{"taxonomy":"product_cat","embeddable":true,"href":"https:\/\/www.ironcorpse.com\/site\/wp-json\/wp\/v2\/product_cat?post=3170"},{"taxonomy":"product_tag","embeddable":true,"href":"https:\/\/www.ironcorpse.com\/site\/wp-json\/wp\/v2\/product_tag?post=3170"},{"taxonomy":"berocket_brand","embeddable":true,"href":"https:\/\/www.ironcorpse.com\/site\/wp-json\/wp\/v2\/berocket_brand?post=3170"}],"curies":[{"name":"wp","href":"https:\/\/api.w.org\/{rel}","templated":true}]}}