{"id":6250,"date":"2025-03-25T14:17:35","date_gmt":"2025-03-25T11:17:35","guid":{"rendered":"https:\/\/www.ironcorpse.com\/store\/undeadlift-black-coffeemug-3-3dl-print-on-demand\/"},"modified":"2026-01-08T13:26:59","modified_gmt":"2026-01-08T10:26:59","slug":"undeadlift-black-coffeemug-3-3dl-print-on-demand","status":"publish","type":"product","link":"https:\/\/www.ironcorpse.com\/site\/store\/undeadlift-black-coffeemug-3-3dl-print-on-demand\/","title":{"rendered":"UNDEADLIFT BLACK coffeemug 3.3dl (PRINT-ON-DEMAND)"},"content":{"rendered":"<ul>\n<li>One size 11fl.oz\/3.3dl&nbsp;<\/li>\n<li>Durable black ceramic material with a glossy finish&nbsp;<\/li>\n<li>C-shaped easy-grip handle<\/li>\n<li>Microwave and dishwasher safe<\/li>\n<li>Lead and BPA-free\n<\/li>\n<\/ul>\n","protected":false},"excerpt":{"rendered":"<p>This is a print-on-demand product and it is printed to order and shipped by a third party manufacturer.<\/p>\n<p>Shipping for this item is billed separately from other items.<\/p>\n<p>Finnish: HUOM! T\u00e4t\u00e4 tuotetta ei voi tilata noutona Helsingiss\u00e4.<\/p>\n<p>PLEASE NOTE! CURRENTLY THIS ITEM CANNOT BE ORDERED TO THE UNITED STATES BECAUSE OF THE TARIFFS. ALL ORDERS FROM UNITED STATES WILL BE CANCELLED.<\/p>\n","protected":false},"featured_media":6512,"template":"","meta":[],"product_brand":[],"product_cat":[867,1125],"product_tag":[869,870,866],"berocket_brand":[],"class_list":{"0":"post-6250","1":"product","2":"type-product","3":"status-publish","4":"has-post-thumbnail","6":"product_cat-iron-corpse-barbell-cult-apparel","7":"product_cat-barbell-cult-apparel-essential-line","8":"product_tag-barbell-cult","9":"product_tag-mug","10":"product_tag-print-on-demand","12":"first","13":"instock","14":"taxable","15":"shipping-taxable","16":"purchasable","17":"product-type-variable","18":"has-default-attributes"},"_links":{"self":[{"href":"https:\/\/www.ironcorpse.com\/site\/wp-json\/wp\/v2\/product\/6250","targetHints":{"allow":["GET"]}}],"collection":[{"href":"https:\/\/www.ironcorpse.com\/site\/wp-json\/wp\/v2\/product"}],"about":[{"href":"https:\/\/www.ironcorpse.com\/site\/wp-json\/wp\/v2\/types\/product"}],"wp:featuredmedia":[{"embeddable":true,"href":"https:\/\/www.ironcorpse.com\/site\/wp-json\/wp\/v2\/media\/6512"}],"wp:attachment":[{"href":"https:\/\/www.ironcorpse.com\/site\/wp-json\/wp\/v2\/media?parent=6250"}],"wp:term":[{"taxonomy":"product_brand","embeddable":true,"href":"https:\/\/www.ironcorpse.com\/site\/wp-json\/wp\/v2\/product_brand?post=6250"},{"taxonomy":"product_cat","embeddable":true,"href":"https:\/\/www.ironcorpse.com\/site\/wp-json\/wp\/v2\/product_cat?post=6250"},{"taxonomy":"product_tag","embeddable":true,"href":"https:\/\/www.ironcorpse.com\/site\/wp-json\/wp\/v2\/product_tag?post=6250"},{"taxonomy":"berocket_brand","embeddable":true,"href":"https:\/\/www.ironcorpse.com\/site\/wp-json\/wp\/v2\/berocket_brand?post=6250"}],"curies":[{"name":"wp","href":"https:\/\/api.w.org\/{rel}","templated":true}]}}