{"id":6295,"date":"2025-03-27T15:40:59","date_gmt":"2025-03-27T12:40:59","guid":{"rendered":"https:\/\/www.ironcorpse.com\/site\/store\/standard-mug-11oz\/"},"modified":"2025-10-10T16:45:54","modified_gmt":"2025-10-10T13:45:54","slug":"standard-mug-11oz","status":"publish","type":"product","link":"https:\/\/www.ironcorpse.com\/site\/store\/standard-mug-11oz\/","title":{"rendered":"IRON CORPSE CUP OF PUS (PRINT ON DEMAND)"},"content":{"rendered":"<ul>\n<li>One size 11fl.oz\/3.3dl&nbsp;<\/li>\n<li>Durable white ceramic material with a glossy finish&nbsp;<\/li>\n<li>C-shaped easy-grip handle\n<p><\/li>\n<li>Microwave and dishwasher safe<\/li>\n<li>Lead and BPA-free\n<\/li>\n<\/ul>\n","protected":false},"excerpt":{"rendered":"<p>This is a print-on-demand product and it is printed to order and shipped by a third party manufacturer.<\/p>\n<p>Shipping for this item is billed separately from other items.<\/p>\n<p>Finnish: HUOM! T\u00e4t\u00e4 tuotetta ei voi tilata noutona Helsingiss\u00e4.<\/p>\n<p>PLEASE NOTE! CURRENTLY THIS ITEM CANNOT BE ORDERED TO THE UNITED STATES BECAUSE OF THE TARIFFS. ALL ORDERS FROM UNITED STATES WILL BE CANCELLED.<\/p>\n","protected":false},"featured_media":6318,"template":"","meta":[],"product_brand":[],"product_cat":[871],"product_tag":[],"berocket_brand":[],"class_list":{"0":"post-6295","1":"product","2":"type-product","3":"status-publish","4":"has-post-thumbnail","6":"product_cat-iron-corpse-merch-on-demand","8":"first","9":"instock","10":"taxable","11":"shipping-taxable","12":"purchasable","13":"product-type-variable","14":"has-default-attributes"},"_links":{"self":[{"href":"https:\/\/www.ironcorpse.com\/site\/wp-json\/wp\/v2\/product\/6295","targetHints":{"allow":["GET"]}}],"collection":[{"href":"https:\/\/www.ironcorpse.com\/site\/wp-json\/wp\/v2\/product"}],"about":[{"href":"https:\/\/www.ironcorpse.com\/site\/wp-json\/wp\/v2\/types\/product"}],"wp:featuredmedia":[{"embeddable":true,"href":"https:\/\/www.ironcorpse.com\/site\/wp-json\/wp\/v2\/media\/6318"}],"wp:attachment":[{"href":"https:\/\/www.ironcorpse.com\/site\/wp-json\/wp\/v2\/media?parent=6295"}],"wp:term":[{"taxonomy":"product_brand","embeddable":true,"href":"https:\/\/www.ironcorpse.com\/site\/wp-json\/wp\/v2\/product_brand?post=6295"},{"taxonomy":"product_cat","embeddable":true,"href":"https:\/\/www.ironcorpse.com\/site\/wp-json\/wp\/v2\/product_cat?post=6295"},{"taxonomy":"product_tag","embeddable":true,"href":"https:\/\/www.ironcorpse.com\/site\/wp-json\/wp\/v2\/product_tag?post=6295"},{"taxonomy":"berocket_brand","embeddable":true,"href":"https:\/\/www.ironcorpse.com\/site\/wp-json\/wp\/v2\/berocket_brand?post=6295"}],"curies":[{"name":"wp","href":"https:\/\/api.w.org\/{rel}","templated":true}]}}