{"id":6322,"date":"2025-03-27T15:36:47","date_gmt":"2025-03-27T12:36:47","guid":{"rendered":"https:\/\/www.ironcorpse.com\/site\/store\/undeadlift-white-v2-coffeemug-3-3dl-print-on-demand\/"},"modified":"2026-01-08T13:26:44","modified_gmt":"2026-01-08T10:26:44","slug":"undeadlift-white-v2-coffeemug-3-3dl-print-on-demand","status":"publish","type":"product","link":"https:\/\/www.ironcorpse.com\/site\/store\/undeadlift-white-v2-coffeemug-3-3dl-print-on-demand\/","title":{"rendered":"UNDEADLIFT WHITE v2 coffeemug 3.3dl (PRINT-ON-DEMAND)"},"content":{"rendered":"<ul>\n<li>One size 11fl.oz\/3.3dl<\/li>\n<li>Durable white ceramic material with a glossy finish<\/li>\n<li>C-shaped easy-grip handle<\/li>\n<li>Microwave and dishwasher safe<\/li>\n<li>Lead and BPA-free\n<\/li>\n<\/ul>\n","protected":false},"excerpt":{"rendered":"<p>This is a print-on-demand product and it is printed to order and shipped by a third party manufacturer.<\/p>\n<p>Shipping for this item is billed separately from other items.<\/p>\n<p>Finnish: HUOM! T\u00e4t\u00e4 tuotetta ei voi tilata noutona Helsingiss\u00e4.<\/p>\n","protected":false},"featured_media":6328,"template":"","meta":[],"product_brand":[],"product_cat":[867,1125],"product_tag":[],"berocket_brand":[],"class_list":{"0":"post-6322","1":"product","2":"type-product","3":"status-publish","4":"has-post-thumbnail","6":"product_cat-iron-corpse-barbell-cult-apparel","7":"product_cat-barbell-cult-apparel-essential-line","9":"first","10":"instock","11":"taxable","12":"shipping-taxable","13":"purchasable","14":"product-type-variable","15":"has-default-attributes"},"_links":{"self":[{"href":"https:\/\/www.ironcorpse.com\/site\/wp-json\/wp\/v2\/product\/6322","targetHints":{"allow":["GET"]}}],"collection":[{"href":"https:\/\/www.ironcorpse.com\/site\/wp-json\/wp\/v2\/product"}],"about":[{"href":"https:\/\/www.ironcorpse.com\/site\/wp-json\/wp\/v2\/types\/product"}],"wp:featuredmedia":[{"embeddable":true,"href":"https:\/\/www.ironcorpse.com\/site\/wp-json\/wp\/v2\/media\/6328"}],"wp:attachment":[{"href":"https:\/\/www.ironcorpse.com\/site\/wp-json\/wp\/v2\/media?parent=6322"}],"wp:term":[{"taxonomy":"product_brand","embeddable":true,"href":"https:\/\/www.ironcorpse.com\/site\/wp-json\/wp\/v2\/product_brand?post=6322"},{"taxonomy":"product_cat","embeddable":true,"href":"https:\/\/www.ironcorpse.com\/site\/wp-json\/wp\/v2\/product_cat?post=6322"},{"taxonomy":"product_tag","embeddable":true,"href":"https:\/\/www.ironcorpse.com\/site\/wp-json\/wp\/v2\/product_tag?post=6322"},{"taxonomy":"berocket_brand","embeddable":true,"href":"https:\/\/www.ironcorpse.com\/site\/wp-json\/wp\/v2\/berocket_brand?post=6322"}],"curies":[{"name":"wp","href":"https:\/\/api.w.org\/{rel}","templated":true}]}}