{"id":7929,"date":"2025-11-20T00:01:04","date_gmt":"2025-11-19T21:01:04","guid":{"rendered":"https:\/\/www.ironcorpse.com\/site\/?post_type=product&#038;p=7929"},"modified":"2026-05-05T00:18:27","modified_gmt":"2026-05-04T21:18:27","slug":"ica-056-gorekaust-fleshcross-cassette","status":"publish","type":"product","link":"https:\/\/www.ironcorpse.com\/site\/store\/ica-056-gorekaust-fleshcross-cassette\/","title":{"rendered":"ICA-056 GOREKAUST &#8220;Fleshcross&#8221; CASSETTE"},"content":{"rendered":"<p>Iron Corpse is proud to announce the European pressing of the sophomore album of Finland\u2019s GOREKAUST. The album was recently released in the US on the mighty IRON FORTRESS RECORDS.<\/p>\n<p>GOREKAUST, one of the best new death metal bands spewing from the Finnish underground right now are back with their sophomore album \u201cFleshcross\u201d! 9 tracks across 40 minutes of old school Finnish death metal. Polished, ripping, and with putrid groove\u2026 Gorekaust showcases their true maturity on this record and not only are they a young band (started in 2020 with 2 EPs and 1 album under their belts) but they prove they are a death metal force to be fucked with!<\/p>\n<p>Recorded at Juvanmalmi Crypt &#038; Kyl\u00e4nraitti Satanic Metal Temple. Produced by Juuso H\u00e4m\u00e4l\u00e4inen (AZATOTH), Joonas Honkanen (CRYPTIC HATRED) and GOREKAUST. Mixed and mastered by Juuso H\u00e4m\u00e4l\u00e4inen (AZATOTH), artwork by Slimeweaver, photos by Eetu Kolehmainen, layouts by Septic Fog. Guest vocals by Joel Das (AZATOTH) and keyboards by Maisa Virtanen (FENNOSTANA) and Olli.<\/p>\n<p>FFO: CCONVULSE, DEMIGOD, PESTIGORE, INCANTATION<\/p>\n","protected":false},"excerpt":{"rendered":"<p>DIGITAL RELEASE: <a href=\"https:\/\/ironcorpse.bandcamp.com\/album\/fleshcross\">https:\/\/ironcorpse.bandcamp.com\/album\/fleshcross<\/a><\/p>\n<p>IRON CORPSE (ICA-056)<\/p>\n<ul>\n<li>100 copies pro-dubbed clear transparent shell with sticker label<\/li>\n<li>250g\/m2 printed j-card<\/li>\n<li>shrinkwrap<\/li>\n<\/ul>\n<p>Release date: 12. August 2025<\/p>\n<p>CD \/ Cassette US Pressing : IRON FORTRESS RECORDS, USA<\/p>\n","protected":false},"featured_media":10267,"template":"","meta":[],"product_brand":[],"product_cat":[22,58,1032],"product_tag":[162,228,960],"berocket_brand":[],"class_list":{"0":"post-7929","1":"product","2":"type-product","3":"status-publish","4":"has-post-thumbnail","6":"product_cat-iron-corpse-releases","7":"product_cat-cassette","8":"product_cat-north-america-vinyl-cd-cs-no-tariff","9":"product_tag-cassette","10":"product_tag-deathmetal","11":"product_tag-gorekaust","12":"product_shipping_class-cassette-tape","14":"first","15":"instock","16":"taxable","17":"shipping-taxable","18":"purchasable","19":"product-type-simple"},"_links":{"self":[{"href":"https:\/\/www.ironcorpse.com\/site\/wp-json\/wp\/v2\/product\/7929","targetHints":{"allow":["GET"]}}],"collection":[{"href":"https:\/\/www.ironcorpse.com\/site\/wp-json\/wp\/v2\/product"}],"about":[{"href":"https:\/\/www.ironcorpse.com\/site\/wp-json\/wp\/v2\/types\/product"}],"wp:featuredmedia":[{"embeddable":true,"href":"https:\/\/www.ironcorpse.com\/site\/wp-json\/wp\/v2\/media\/10267"}],"wp:attachment":[{"href":"https:\/\/www.ironcorpse.com\/site\/wp-json\/wp\/v2\/media?parent=7929"}],"wp:term":[{"taxonomy":"product_brand","embeddable":true,"href":"https:\/\/www.ironcorpse.com\/site\/wp-json\/wp\/v2\/product_brand?post=7929"},{"taxonomy":"product_cat","embeddable":true,"href":"https:\/\/www.ironcorpse.com\/site\/wp-json\/wp\/v2\/product_cat?post=7929"},{"taxonomy":"product_tag","embeddable":true,"href":"https:\/\/www.ironcorpse.com\/site\/wp-json\/wp\/v2\/product_tag?post=7929"},{"taxonomy":"berocket_brand","embeddable":true,"href":"https:\/\/www.ironcorpse.com\/site\/wp-json\/wp\/v2\/berocket_brand?post=7929"}],"curies":[{"name":"wp","href":"https:\/\/api.w.org\/{rel}","templated":true}]}}